{"id":879,"date":"2024-11-27T12:00:27","date_gmt":"2024-11-27T12:00:27","guid":{"rendered":"https:\/\/dev.getraenke-center.ch\/?post_type=product&#038;p=879"},"modified":"2024-11-27T12:00:32","modified_gmt":"2024-11-27T12:00:32","slug":"fruchtsaefte-michel-cranberry-mw-6-x-1-liter","status":"publish","type":"product","link":"https:\/\/dev.getraenke-center.ch\/?product=fruchtsaefte-michel-cranberry-mw-6-x-1-liter","title":{"rendered":"Fruchts\u00e4fte Michel Cranberry MW 6 x 1 Liter"},"content":{"rendered":"<p>Michel Cranberry ist eine\u00a0<b>herrliche, herb-s\u00fcsse Erfrischung<\/b>. Und das mit nur 29 kcal pro dl. Der leichte, bek\u00f6mmliche Michel Cranberry hat 25% Fruchtsaftanteil und wird mit viel Vitamin C angereichert. Dieses Fruchtsaftgetr\u00e4nk schmeckt nicht nur vorz\u00fcglich, durch seine rubinrote Farbe sieht es auch k\u00f6stlich aus.<\/p>\n","protected":false},"excerpt":{"rendered":"<p>Preis pro Flasche<\/p>\n<p>Der leichte, bek\u00f6mmliche\u00a0<em>Michel Cranberry<\/em>\u00a0hat 25% Fruchtsaftanteil und wird mit viel Vitamin C angereichert.<\/p>\n","protected":false},"featured_media":909,"template":"","meta":{"_kadence_starter_templates_imported_post":false,"_kad_post_transparent":"","_kad_post_title":"","_kad_post_layout":"","_kad_post_sidebar_id":"","_kad_post_content_style":"","_kad_post_vertical_padding":"","_kad_post_feature":"","_kad_post_feature_position":"","_kad_post_header":false,"_kad_post_footer":false},"product_cat":[127],"product_tag":[366,49,161,42,318,367,319,368,362,320],"class_list":{"0":"post-879","1":"product","2":"type-product","3":"status-publish","4":"has-post-thumbnail","6":"product_cat-fruchtsaefte","7":"product_tag-cranberry","8":"product_tag-erfrischung","9":"product_tag-erfrischungsgetraenk","10":"product_tag-genuss","11":"product_tag-getraenke","12":"product_tag-herbsuess","13":"product_tag-lecker","14":"product_tag-michelcranberry","15":"product_tag-natuerlichearomen","16":"product_tag-qualitaet","18":"first","19":"instock","20":"taxable","21":"shipping-taxable","22":"purchasable","23":"product-type-simple","24":"entry","25":"content-bg","26":"loop-entry"},"jetpack_sharing_enabled":true,"_links":{"self":[{"href":"https:\/\/dev.getraenke-center.ch\/index.php?rest_route=\/wp\/v2\/product\/879","targetHints":{"allow":["GET"]}}],"collection":[{"href":"https:\/\/dev.getraenke-center.ch\/index.php?rest_route=\/wp\/v2\/product"}],"about":[{"href":"https:\/\/dev.getraenke-center.ch\/index.php?rest_route=\/wp\/v2\/types\/product"}],"wp:featuredmedia":[{"embeddable":true,"href":"https:\/\/dev.getraenke-center.ch\/index.php?rest_route=\/wp\/v2\/media\/909"}],"wp:attachment":[{"href":"https:\/\/dev.getraenke-center.ch\/index.php?rest_route=%2Fwp%2Fv2%2Fmedia&parent=879"}],"wp:term":[{"taxonomy":"product_cat","embeddable":true,"href":"https:\/\/dev.getraenke-center.ch\/index.php?rest_route=%2Fwp%2Fv2%2Fproduct_cat&post=879"},{"taxonomy":"product_tag","embeddable":true,"href":"https:\/\/dev.getraenke-center.ch\/index.php?rest_route=%2Fwp%2Fv2%2Fproduct_tag&post=879"}],"curies":[{"name":"wp","href":"https:\/\/api.w.org\/{rel}","templated":true}]}}