{"id":880,"date":"2024-11-27T12:00:27","date_gmt":"2024-11-27T12:00:27","guid":{"rendered":"https:\/\/dev.getraenke-center.ch\/?post_type=product&#038;p=880"},"modified":"2024-11-27T12:00:32","modified_gmt":"2024-11-27T12:00:32","slug":"fruchtsaefte-michel-pink-grape-60-mw-6-x-1-liter","status":"publish","type":"product","link":"https:\/\/dev.getraenke-center.ch\/?product=fruchtsaefte-michel-pink-grape-60-mw-6-x-1-liter","title":{"rendered":"Fruchts\u00e4fte Michel Pink Grape 60% MW 6 x 1 Liter"},"content":{"rendered":"<p>Der\u00a0<b>s\u00fcss-s\u00e4uerliche Michel Pink Grapefruit ist reich an Vitamin C und enth\u00e4lt nur das Wertvollste aus der zartrosa Zitrusfrucht<\/b>. Mit einem Fruchtanteil von 55% bietet dieser vorz\u00fcgliche Fruchtnektar vollaromatischen Genuss. F\u00fcr alle Feinschmecker, denen s\u00fcss allein zu wenig aufregend ist.<\/p>\n","protected":false},"excerpt":{"rendered":"<p>Preis pro Flasche<\/p>\n<p>Genie\u00dfen Sie den einzigartigen Geschmack von Michel Pink Grape &#8211; prickelnd, fruchtig und einfach erfrischend.<\/p>\n","protected":false},"featured_media":910,"template":"","meta":{"_kadence_starter_templates_imported_post":false,"_kad_post_transparent":"","_kad_post_title":"","_kad_post_layout":"","_kad_post_sidebar_id":"","_kad_post_content_style":"","_kad_post_vertical_padding":"","_kad_post_feature":"","_kad_post_feature_position":"","_kad_post_header":false,"_kad_post_footer":false},"product_cat":[127],"product_tag":[49,161,104,42,318,319,369,362,370,57,320],"class_list":{"0":"post-880","1":"product","2":"type-product","3":"status-publish","4":"has-post-thumbnail","6":"product_cat-fruchtsaefte","7":"product_tag-erfrischung","8":"product_tag-erfrischungsgetraenk","9":"product_tag-fruchtig","10":"product_tag-genuss","11":"product_tag-getraenke","12":"product_tag-lecker","13":"product_tag-michelpinkgrape","14":"product_tag-natuerlichearomen","15":"product_tag-pinkgrape","16":"product_tag-prickelnd","17":"product_tag-qualitaet","19":"first","20":"instock","21":"taxable","22":"shipping-taxable","23":"purchasable","24":"product-type-simple","25":"entry","26":"content-bg","27":"loop-entry"},"jetpack_sharing_enabled":true,"_links":{"self":[{"href":"https:\/\/dev.getraenke-center.ch\/index.php?rest_route=\/wp\/v2\/product\/880","targetHints":{"allow":["GET"]}}],"collection":[{"href":"https:\/\/dev.getraenke-center.ch\/index.php?rest_route=\/wp\/v2\/product"}],"about":[{"href":"https:\/\/dev.getraenke-center.ch\/index.php?rest_route=\/wp\/v2\/types\/product"}],"wp:featuredmedia":[{"embeddable":true,"href":"https:\/\/dev.getraenke-center.ch\/index.php?rest_route=\/wp\/v2\/media\/910"}],"wp:attachment":[{"href":"https:\/\/dev.getraenke-center.ch\/index.php?rest_route=%2Fwp%2Fv2%2Fmedia&parent=880"}],"wp:term":[{"taxonomy":"product_cat","embeddable":true,"href":"https:\/\/dev.getraenke-center.ch\/index.php?rest_route=%2Fwp%2Fv2%2Fproduct_cat&post=880"},{"taxonomy":"product_tag","embeddable":true,"href":"https:\/\/dev.getraenke-center.ch\/index.php?rest_route=%2Fwp%2Fv2%2Fproduct_tag&post=880"}],"curies":[{"name":"wp","href":"https:\/\/api.w.org\/{rel}","templated":true}]}}