{"id":883,"date":"2024-11-27T12:00:27","date_gmt":"2024-11-27T12:00:27","guid":{"rendered":"https:\/\/dev.getraenke-center.ch\/?post_type=product&#038;p=883"},"modified":"2024-11-27T12:00:32","modified_gmt":"2024-11-27T12:00:32","slug":"apfelwein-ramseier-milder-moscht-ew-6-x-033-liter","status":"publish","type":"product","link":"https:\/\/dev.getraenke-center.ch\/?product=apfelwein-ramseier-milder-moscht-ew-6-x-033-liter","title":{"rendered":"Apfelwein Ramseier Milder Moscht EW 6 x 0,33 Liter"},"content":{"rendered":"<p>Hier hat Charakter Tradition: RAMSEIER Suure Moscht klar ist seit 1910 der Verkaufsschlager und Garant f\u00fcr gute Stimmung.\u00a0<b>Das Schweizer Nationalgetr\u00e4nk mit der leicht \u00abruchen\u00bb Note wird nach traditionellem Rezept aus auserlesenen Apfelsorten hergestellt und im G\u00e4rprozess mit 4% Vol.<\/b>\u00a0<b>Alkohol vollendet<\/b>.<\/p>\n","protected":false},"excerpt":{"rendered":"<p>Preis pro Flasche<\/p>\n<p>Genie\u00dfen Sie die milde Frische von Ramseier Milder Moscht &#8211; der ideale Durstl\u00f6scher f\u00fcr alle, die es sanft m\u00f6gen.<\/p>\n","protected":false},"featured_media":913,"template":"","meta":{"_kadence_starter_templates_imported_post":false,"_kad_post_transparent":"","_kad_post_title":"","_kad_post_layout":"","_kad_post_sidebar_id":"","_kad_post_content_style":"","_kad_post_vertical_padding":"","_kad_post_feature":"","_kad_post_feature_position":"","_kad_post_header":false,"_kad_post_footer":false},"product_cat":[141],"product_tag":[142,374,49,42,318,43,56,320,375,122],"class_list":{"0":"post-883","1":"product","2":"type-product","3":"status-publish","4":"has-post-thumbnail","6":"product_cat-apfelwein-ohne-alkohol","7":"product_tag-apfelsaft","8":"product_tag-durftloescher","9":"product_tag-erfrischung","10":"product_tag-genuss","11":"product_tag-getraenke","12":"product_tag-mild","13":"product_tag-natuerlich","14":"product_tag-qualitaet","15":"product_tag-ramseiermildermoscht","16":"product_tag-sanft","18":"first","19":"instock","20":"taxable","21":"shipping-taxable","22":"purchasable","23":"product-type-simple","24":"entry","25":"content-bg","26":"loop-entry"},"jetpack_sharing_enabled":true,"_links":{"self":[{"href":"https:\/\/dev.getraenke-center.ch\/index.php?rest_route=\/wp\/v2\/product\/883","targetHints":{"allow":["GET"]}}],"collection":[{"href":"https:\/\/dev.getraenke-center.ch\/index.php?rest_route=\/wp\/v2\/product"}],"about":[{"href":"https:\/\/dev.getraenke-center.ch\/index.php?rest_route=\/wp\/v2\/types\/product"}],"wp:featuredmedia":[{"embeddable":true,"href":"https:\/\/dev.getraenke-center.ch\/index.php?rest_route=\/wp\/v2\/media\/913"}],"wp:attachment":[{"href":"https:\/\/dev.getraenke-center.ch\/index.php?rest_route=%2Fwp%2Fv2%2Fmedia&parent=883"}],"wp:term":[{"taxonomy":"product_cat","embeddable":true,"href":"https:\/\/dev.getraenke-center.ch\/index.php?rest_route=%2Fwp%2Fv2%2Fproduct_cat&post=883"},{"taxonomy":"product_tag","embeddable":true,"href":"https:\/\/dev.getraenke-center.ch\/index.php?rest_route=%2Fwp%2Fv2%2Fproduct_tag&post=883"}],"curies":[{"name":"wp","href":"https:\/\/api.w.org\/{rel}","templated":true}]}}