{"id":917,"date":"2024-11-27T12:00:33","date_gmt":"2024-11-27T12:00:33","guid":{"rendered":"https:\/\/dev.getraenke-center.ch\/?post_type=product&#038;p=917"},"modified":"2024-11-27T12:00:34","modified_gmt":"2024-11-27T12:00:34","slug":"fruchtsaefte-ramseier-tomatensaft-tetra-6-x-1-liter","status":"publish","type":"product","link":"https:\/\/dev.getraenke-center.ch\/?product=fruchtsaefte-ramseier-tomatensaft-tetra-6-x-1-liter","title":{"rendered":"Fruchts\u00e4fte Ramseier Tomatensaft Tetra 6 x 1 Liter"},"content":{"rendered":"<p>RAMSEIER Tomatensaft mit Meersalz schmeckt pur oder mit etwas Pfeffer verfeinert als Ap\u00e9rogetr\u00e4nk, als Zugabe im Mixgetr\u00e4nk oder als Grundlage f\u00fcr Saucen und Suppen. Der leichte, aromatische, dickfl\u00fcssige Saft schmeckt, versorgt dich mit vielen Vitaminen und macht satt \u2013 nicht nur beim Reisen im Flugzeug.<\/p>\n","protected":false},"excerpt":{"rendered":"<p>Preis pro Flasche<\/p>\n<p>Tomatensaft, Meersalz (0.8 %) vegan<\/p>\n","protected":false},"featured_media":947,"template":"","meta":{"_kadence_starter_templates_imported_post":false,"_kad_post_transparent":"","_kad_post_title":"","_kad_post_layout":"","_kad_post_sidebar_id":"","_kad_post_content_style":"","_kad_post_vertical_padding":"","_kad_post_feature":"","_kad_post_feature_position":"","_kad_post_header":false,"_kad_post_footer":false},"product_cat":[127],"product_tag":[49,42,318,30,391,109,380,392,322,393],"class_list":{"0":"post-917","1":"product","2":"type-product","3":"status-publish","4":"has-post-thumbnail","6":"product_cat-fruchtsaefte","7":"product_tag-erfrischung","8":"product_tag-genuss","9":"product_tag-getraenke","10":"product_tag-praktisch","11":"product_tag-ramseiertomatensaft","12":"product_tag-sonnengereift","13":"product_tag-tetrapack","14":"product_tag-tomatensaft","15":"product_tag-unterwegs","16":"product_tag-zuhause","18":"first","19":"instock","20":"taxable","21":"shipping-taxable","22":"purchasable","23":"product-type-simple","24":"entry","25":"content-bg","26":"loop-entry"},"jetpack_sharing_enabled":true,"_links":{"self":[{"href":"https:\/\/dev.getraenke-center.ch\/index.php?rest_route=\/wp\/v2\/product\/917","targetHints":{"allow":["GET"]}}],"collection":[{"href":"https:\/\/dev.getraenke-center.ch\/index.php?rest_route=\/wp\/v2\/product"}],"about":[{"href":"https:\/\/dev.getraenke-center.ch\/index.php?rest_route=\/wp\/v2\/types\/product"}],"wp:featuredmedia":[{"embeddable":true,"href":"https:\/\/dev.getraenke-center.ch\/index.php?rest_route=\/wp\/v2\/media\/947"}],"wp:attachment":[{"href":"https:\/\/dev.getraenke-center.ch\/index.php?rest_route=%2Fwp%2Fv2%2Fmedia&parent=917"}],"wp:term":[{"taxonomy":"product_cat","embeddable":true,"href":"https:\/\/dev.getraenke-center.ch\/index.php?rest_route=%2Fwp%2Fv2%2Fproduct_cat&post=917"},{"taxonomy":"product_tag","embeddable":true,"href":"https:\/\/dev.getraenke-center.ch\/index.php?rest_route=%2Fwp%2Fv2%2Fproduct_tag&post=917"}],"curies":[{"name":"wp","href":"https:\/\/api.w.org\/{rel}","templated":true}]}}