{"id":921,"date":"2024-11-27T12:00:33","date_gmt":"2024-11-27T12:00:33","guid":{"rendered":"https:\/\/dev.getraenke-center.ch\/?post_type=product&#038;p=921"},"modified":"2024-11-27T12:00:35","modified_gmt":"2024-11-27T12:00:35","slug":"apfelwein-ramseier-apfelschorle-saison-ew-pet-6-x-050-liter","status":"publish","type":"product","link":"https:\/\/dev.getraenke-center.ch\/?product=apfelwein-ramseier-apfelschorle-saison-ew-pet-6-x-050-liter","title":{"rendered":"Apfelwein Ramseier Apfelschorle Saison EW PET 6 x 0,50 Liter"},"content":{"rendered":"<p>Heute noch am Baum, morgen schon als Apfelsaft auf deinem Tisch \u2013 frischer geht\u2019s nicht! Das belebende Getr\u00e4nk ist \u00abzum Reinbeissen\u00bb lecker. Der nat\u00fcrliche RAMSEIER Apfelsaft frisch ab Presse wird aus 100% Schweizer Obst hergestellt. Nur w\u00e4hrend der Mostsaison und ein ganz besonderer Genuss.<\/p>\n","protected":false},"excerpt":{"rendered":"<p>Preis pro Flasche<\/p>\n<p>90 % Schweizer \u00c4pfel, 10 % Schweizer Birnen, ohne k\u00fcnstlichen Zuckerzusatz (enth\u00e4lt von Natur aus Zucker), 100 % nat\u00fcrlich, vegan<\/p>\n","protected":false},"featured_media":951,"template":"","meta":{"_kadence_starter_templates_imported_post":false,"_kad_post_transparent":"","_kad_post_title":"","_kad_post_layout":"","_kad_post_sidebar_id":"","_kad_post_content_style":"","_kad_post_vertical_padding":"","_kad_post_feature":"","_kad_post_feature_position":"","_kad_post_header":false,"_kad_post_footer":false},"product_cat":[141],"product_tag":[403,142,404,161,42,318,405,406,407,58],"class_list":{"0":"post-921","1":"product","2":"type-product","3":"status-publish","4":"has-post-thumbnail","6":"product_cat-apfelwein-ohne-alkohol","7":"product_tag-apfelaroma","8":"product_tag-apfelsaft","9":"product_tag-besonderemomente","10":"product_tag-erfrischungsgetraenk","11":"product_tag-genuss","12":"product_tag-getraenke","13":"product_tag-limitiert","14":"product_tag-ramseierapfelschorlesaison","15":"product_tag-saisonalergenuss","16":"product_tag-spritzig","18":"first","19":"instock","20":"taxable","21":"shipping-taxable","22":"purchasable","23":"product-type-simple","24":"entry","25":"content-bg","26":"loop-entry"},"jetpack_sharing_enabled":true,"_links":{"self":[{"href":"https:\/\/dev.getraenke-center.ch\/index.php?rest_route=\/wp\/v2\/product\/921","targetHints":{"allow":["GET"]}}],"collection":[{"href":"https:\/\/dev.getraenke-center.ch\/index.php?rest_route=\/wp\/v2\/product"}],"about":[{"href":"https:\/\/dev.getraenke-center.ch\/index.php?rest_route=\/wp\/v2\/types\/product"}],"wp:featuredmedia":[{"embeddable":true,"href":"https:\/\/dev.getraenke-center.ch\/index.php?rest_route=\/wp\/v2\/media\/951"}],"wp:attachment":[{"href":"https:\/\/dev.getraenke-center.ch\/index.php?rest_route=%2Fwp%2Fv2%2Fmedia&parent=921"}],"wp:term":[{"taxonomy":"product_cat","embeddable":true,"href":"https:\/\/dev.getraenke-center.ch\/index.php?rest_route=%2Fwp%2Fv2%2Fproduct_cat&post=921"},{"taxonomy":"product_tag","embeddable":true,"href":"https:\/\/dev.getraenke-center.ch\/index.php?rest_route=%2Fwp%2Fv2%2Fproduct_tag&post=921"}],"curies":[{"name":"wp","href":"https:\/\/api.w.org\/{rel}","templated":true}]}}