{"id":922,"date":"2024-11-27T12:00:33","date_gmt":"2024-11-27T12:00:33","guid":{"rendered":"https:\/\/dev.getraenke-center.ch\/?post_type=product&#038;p=922"},"modified":"2024-11-27T12:00:35","modified_gmt":"2024-11-27T12:00:35","slug":"apfelwein-ramseier-apfelschorle-naturtrueb-ew-pet-6-x-050-liter","status":"publish","type":"product","link":"https:\/\/dev.getraenke-center.ch\/?product=apfelwein-ramseier-apfelschorle-naturtrueb-ew-pet-6-x-050-liter","title":{"rendered":"Apfelwein Ramseier Apfelschorle Naturtr\u00fcb EW PET 6 x 0,50 Liter"},"content":{"rendered":"<p>Die RAMSEIER Schorle naturtr\u00fcb ist mehr als ein feines Getr\u00e4nk: Der ausgewogene und milde Durstl\u00f6scher wird aus 60% Saft von \u00c4pfeln und Birnen von Schweizer Hochstammb\u00e4umen hergestellt. Damit tr\u00e4gst du beim Geniessen zum Schutz von Natur und den Tieren bei, die in den Hochstammb\u00e4umen leben.<\/p>\n","protected":false},"excerpt":{"rendered":"<p>Preis pro Flasche<\/p>\n<p>30% \u00c4pfel von Schweizer Hochstammb\u00e4umen, 30% Birnen von Schweizer Hochstammb\u00e4umen, 40% reines Sprudelwasser, ohne k\u00fcnstlichen Zuckerzusatz (enth\u00e4lt von Natur aus Zucker), 100% nat\u00fcrlich, vegan<\/p>\n","protected":false},"featured_media":952,"template":"","meta":{"_kadence_starter_templates_imported_post":false,"_kad_post_transparent":"","_kad_post_title":"","_kad_post_layout":"","_kad_post_sidebar_id":"","_kad_post_content_style":"","_kad_post_vertical_padding":"","_kad_post_feature":"","_kad_post_feature_position":"","_kad_post_header":false,"_kad_post_footer":false},"product_cat":[141],"product_tag":[394,142,374,161,42,318,319,395,402,58],"class_list":{"0":"post-922","1":"product","2":"type-product","3":"status-publish","4":"has-post-thumbnail","6":"product_cat-apfelwein-ohne-alkohol","7":"product_tag-apfel","8":"product_tag-apfelsaft","9":"product_tag-durftloescher","10":"product_tag-erfrischungsgetraenk","11":"product_tag-genuss","12":"product_tag-getraenke","13":"product_tag-lecker","14":"product_tag-ramseierapfelschorle","15":"product_tag-sommerdrink","16":"product_tag-spritzig","18":"first","19":"instock","20":"taxable","21":"shipping-taxable","22":"purchasable","23":"product-type-simple","24":"entry","25":"content-bg","26":"loop-entry"},"jetpack_sharing_enabled":true,"_links":{"self":[{"href":"https:\/\/dev.getraenke-center.ch\/index.php?rest_route=\/wp\/v2\/product\/922","targetHints":{"allow":["GET"]}}],"collection":[{"href":"https:\/\/dev.getraenke-center.ch\/index.php?rest_route=\/wp\/v2\/product"}],"about":[{"href":"https:\/\/dev.getraenke-center.ch\/index.php?rest_route=\/wp\/v2\/types\/product"}],"wp:featuredmedia":[{"embeddable":true,"href":"https:\/\/dev.getraenke-center.ch\/index.php?rest_route=\/wp\/v2\/media\/952"}],"wp:attachment":[{"href":"https:\/\/dev.getraenke-center.ch\/index.php?rest_route=%2Fwp%2Fv2%2Fmedia&parent=922"}],"wp:term":[{"taxonomy":"product_cat","embeddable":true,"href":"https:\/\/dev.getraenke-center.ch\/index.php?rest_route=%2Fwp%2Fv2%2Fproduct_cat&post=922"},{"taxonomy":"product_tag","embeddable":true,"href":"https:\/\/dev.getraenke-center.ch\/index.php?rest_route=%2Fwp%2Fv2%2Fproduct_tag&post=922"}],"curies":[{"name":"wp","href":"https:\/\/api.w.org\/{rel}","templated":true}]}}