{"id":925,"date":"2024-11-27T12:00:33","date_gmt":"2024-11-27T12:00:33","guid":{"rendered":"https:\/\/dev.getraenke-center.ch\/?post_type=product&#038;p=925"},"modified":"2024-11-27T12:00:36","modified_gmt":"2024-11-27T12:00:36","slug":"apfelwein-ramseier-hochstaemmer-naturtrueb-mw-12-x-1-liter","status":"publish","type":"product","link":"https:\/\/dev.getraenke-center.ch\/?product=apfelwein-ramseier-hochstaemmer-naturtrueb-mw-12-x-1-liter","title":{"rendered":"Apfelwein Ramseier Hochst\u00e4mmer naturtr\u00fcb MW 12 x 1 Liter"},"content":{"rendered":"<p>Der RAMSEIER Hochst\u00e4mmer verw\u00f6hnt Sie mit dem typischen Charakter eines frischen Mostes. Das hochwertige einheimische Obst der Hochstammb\u00e4ume wird mit viel Fleiss von Natur und Mensch erzeugt. Daraus komponieren Kellermeister ein naturtr\u00fcbes Trinkerlebnis. Dank seinem Birnensaft-Anteil von 25% ist der RAMSEIER Hochst\u00e4mmer besonders mild.<\/p>\n","protected":false},"excerpt":{"rendered":"<p>Preis pro Flasche<\/p>\n<p>75% \u00c4pfel von Schweizer Hochstammb\u00e4umen, 25% Birnen von Schweizer Hochstammb\u00e4umen, ohne k\u00fcnstlichen Zuckerzusatz (enth\u00e4lt von Natur aus Zucker), 100% nat\u00fcrlich, vegan<\/p>\n","protected":false},"featured_media":955,"template":"","meta":{"_kadence_starter_templates_imported_post":false,"_kad_post_transparent":"","_kad_post_title":"","_kad_post_layout":"","_kad_post_sidebar_id":"","_kad_post_content_style":"","_kad_post_vertical_padding":"","_kad_post_feature":"","_kad_post_feature_position":"","_kad_post_header":false,"_kad_post_footer":false},"product_cat":[141],"product_tag":[142,374,49,42,318,386,56,410,411,237],"class_list":{"0":"post-925","1":"product","2":"type-product","3":"status-publish","4":"has-post-thumbnail","6":"product_cat-apfelwein-ohne-alkohol","7":"product_tag-apfelsaft","8":"product_tag-durftloescher","9":"product_tag-erfrischung","10":"product_tag-genuss","11":"product_tag-getraenke","12":"product_tag-hochwertig","13":"product_tag-natuerlich","14":"product_tag-naturtrueb","15":"product_tag-ramseierhochstaemmer","16":"product_tag-trueb","18":"first","19":"instock","20":"taxable","21":"shipping-taxable","22":"purchasable","23":"product-type-simple","24":"entry","25":"content-bg","26":"loop-entry"},"jetpack_sharing_enabled":true,"_links":{"self":[{"href":"https:\/\/dev.getraenke-center.ch\/index.php?rest_route=\/wp\/v2\/product\/925","targetHints":{"allow":["GET"]}}],"collection":[{"href":"https:\/\/dev.getraenke-center.ch\/index.php?rest_route=\/wp\/v2\/product"}],"about":[{"href":"https:\/\/dev.getraenke-center.ch\/index.php?rest_route=\/wp\/v2\/types\/product"}],"wp:featuredmedia":[{"embeddable":true,"href":"https:\/\/dev.getraenke-center.ch\/index.php?rest_route=\/wp\/v2\/media\/955"}],"wp:attachment":[{"href":"https:\/\/dev.getraenke-center.ch\/index.php?rest_route=%2Fwp%2Fv2%2Fmedia&parent=925"}],"wp:term":[{"taxonomy":"product_cat","embeddable":true,"href":"https:\/\/dev.getraenke-center.ch\/index.php?rest_route=%2Fwp%2Fv2%2Fproduct_cat&post=925"},{"taxonomy":"product_tag","embeddable":true,"href":"https:\/\/dev.getraenke-center.ch\/index.php?rest_route=%2Fwp%2Fv2%2Fproduct_tag&post=925"}],"curies":[{"name":"wp","href":"https:\/\/api.w.org\/{rel}","templated":true}]}}