{"id":926,"date":"2024-11-27T12:00:33","date_gmt":"2024-11-27T12:00:33","guid":{"rendered":"https:\/\/dev.getraenke-center.ch\/?post_type=product&#038;p=926"},"modified":"2024-11-27T12:00:36","modified_gmt":"2024-11-27T12:00:36","slug":"traubensaefte-urpress-weiss-weisser-edeltraubensaft-12-x-1-liter","status":"publish","type":"product","link":"https:\/\/dev.getraenke-center.ch\/?product=traubensaefte-urpress-weiss-weisser-edeltraubensaft-12-x-1-liter","title":{"rendered":"Traubens\u00e4fte Urpress Weiss (weisser Edeltraubensaft) 12 x 1 Liter"},"content":{"rendered":"<p>Artischocken-Ausz\u00fcge verbunden mit naturreinem Edeltraubensaft ergeben ein unvergleichliches Mix-Getr\u00e4nk ohne Alkohol. Cinuss ist erfrischend und \u00fcberzeugt durch seine leicht bittere Note.<\/p>\n","protected":false},"excerpt":{"rendered":"<p>Preis pro Flasche<\/p>\n<p>Der weisse Edeltraubensaft mit dem fruchtigen Muskateller Bouquet<\/p>\n","protected":false},"featured_media":956,"template":"","meta":{"_kadence_starter_templates_imported_post":false,"_kad_post_transparent":"","_kad_post_title":"","_kad_post_layout":"","_kad_post_sidebar_id":"","_kad_post_content_style":"","_kad_post_vertical_padding":"","_kad_post_feature":"","_kad_post_feature_position":"","_kad_post_header":false,"_kad_post_footer":false},"product_cat":[127],"product_tag":[412,41,104,42,318,56,320,390,413,414],"class_list":{"0":"post-926","1":"product","2":"type-product","3":"status-publish","4":"has-post-thumbnail","6":"product_cat-fruchtsaefte","7":"product_tag-edeltraubensaft","8":"product_tag-erfrischend","9":"product_tag-fruchtig","10":"product_tag-genuss","11":"product_tag-getraenke","12":"product_tag-natuerlich","13":"product_tag-qualitaet","14":"product_tag-traubensaft","15":"product_tag-urpressweiss","16":"product_tag-weissersaft","18":"first","19":"instock","20":"taxable","21":"shipping-taxable","22":"purchasable","23":"product-type-simple","24":"entry","25":"content-bg","26":"loop-entry"},"jetpack_sharing_enabled":true,"_links":{"self":[{"href":"https:\/\/dev.getraenke-center.ch\/index.php?rest_route=\/wp\/v2\/product\/926","targetHints":{"allow":["GET"]}}],"collection":[{"href":"https:\/\/dev.getraenke-center.ch\/index.php?rest_route=\/wp\/v2\/product"}],"about":[{"href":"https:\/\/dev.getraenke-center.ch\/index.php?rest_route=\/wp\/v2\/types\/product"}],"wp:featuredmedia":[{"embeddable":true,"href":"https:\/\/dev.getraenke-center.ch\/index.php?rest_route=\/wp\/v2\/media\/956"}],"wp:attachment":[{"href":"https:\/\/dev.getraenke-center.ch\/index.php?rest_route=%2Fwp%2Fv2%2Fmedia&parent=926"}],"wp:term":[{"taxonomy":"product_cat","embeddable":true,"href":"https:\/\/dev.getraenke-center.ch\/index.php?rest_route=%2Fwp%2Fv2%2Fproduct_cat&post=926"},{"taxonomy":"product_tag","embeddable":true,"href":"https:\/\/dev.getraenke-center.ch\/index.php?rest_route=%2Fwp%2Fv2%2Fproduct_tag&post=926"}],"curies":[{"name":"wp","href":"https:\/\/api.w.org\/{rel}","templated":true}]}}