{"id":927,"date":"2024-11-27T12:00:33","date_gmt":"2024-11-27T12:00:33","guid":{"rendered":"https:\/\/dev.getraenke-center.ch\/?post_type=product&#038;p=927"},"modified":"2024-11-27T12:00:36","modified_gmt":"2024-11-27T12:00:36","slug":"cider-magners-row-12-x-0568-liter","status":"publish","type":"product","link":"https:\/\/dev.getraenke-center.ch\/?product=cider-magners-row-12-x-0568-liter","title":{"rendered":"Cider Magners Row 12 x 0,568 Liter"},"content":{"rendered":"<p>Magners Original ist ein erstklassiger irischer Apfelwein, der sorgf\u00e4ltig aus der feinsten Mischung aus 17 Apfelsorten hergestellt wird, um einen unverwechselbar einzigartigen und erfrischenden Geschmack zu liefern!<\/p>\n","protected":false},"excerpt":{"rendered":"<p>Preis pro Flasche<\/p>\n<p>Wenn Sie auf der Suche nach einem erfrischenden, prickelnden Apfelwein sind, schauen Sie sich Magners an \u2013 ein s\u00fc\u00dfer, s\u00e4uerlicher Apfelwein mit einer leichten Bitternote.<\/p>\n","protected":false},"featured_media":957,"template":"","meta":{"_kadence_starter_templates_imported_post":false,"_kad_post_transparent":"","_kad_post_title":"","_kad_post_layout":"","_kad_post_sidebar_id":"","_kad_post_content_style":"","_kad_post_vertical_padding":"","_kad_post_feature":"","_kad_post_feature_position":"","_kad_post_header":false,"_kad_post_footer":false},"product_cat":[141],"product_tag":[397,415,416,41,161,42,417,318,418,419],"class_list":{"0":"post-927","1":"product","2":"type-product","3":"status-publish","4":"has-post-thumbnail","6":"product_cat-apfelwein-ohne-alkohol","7":"product_tag-apfelcider","8":"product_tag-apfelliebhaber","9":"product_tag-cider","10":"product_tag-erfrischend","11":"product_tag-erfrischungsgetraenk","12":"product_tag-genuss","13":"product_tag-geschmackserlebnis","14":"product_tag-getraenke","15":"product_tag-magnersirishcider","16":"product_tag-originalapple","18":"first","19":"instock","20":"taxable","21":"shipping-taxable","22":"purchasable","23":"product-type-simple","24":"entry","25":"content-bg","26":"loop-entry"},"jetpack_sharing_enabled":true,"_links":{"self":[{"href":"https:\/\/dev.getraenke-center.ch\/index.php?rest_route=\/wp\/v2\/product\/927","targetHints":{"allow":["GET"]}}],"collection":[{"href":"https:\/\/dev.getraenke-center.ch\/index.php?rest_route=\/wp\/v2\/product"}],"about":[{"href":"https:\/\/dev.getraenke-center.ch\/index.php?rest_route=\/wp\/v2\/types\/product"}],"wp:featuredmedia":[{"embeddable":true,"href":"https:\/\/dev.getraenke-center.ch\/index.php?rest_route=\/wp\/v2\/media\/957"}],"wp:attachment":[{"href":"https:\/\/dev.getraenke-center.ch\/index.php?rest_route=%2Fwp%2Fv2%2Fmedia&parent=927"}],"wp:term":[{"taxonomy":"product_cat","embeddable":true,"href":"https:\/\/dev.getraenke-center.ch\/index.php?rest_route=%2Fwp%2Fv2%2Fproduct_cat&post=927"},{"taxonomy":"product_tag","embeddable":true,"href":"https:\/\/dev.getraenke-center.ch\/index.php?rest_route=%2Fwp%2Fv2%2Fproduct_tag&post=927"}],"curies":[{"name":"wp","href":"https:\/\/api.w.org\/{rel}","templated":true}]}}