{"id":929,"date":"2024-11-27T12:00:33","date_gmt":"2024-11-27T12:00:33","guid":{"rendered":"https:\/\/dev.getraenke-center.ch\/?post_type=product&#038;p=929"},"modified":"2024-11-27T12:00:36","modified_gmt":"2024-11-27T12:00:36","slug":"cider-magners-pear-12-x-0568-liter","status":"publish","type":"product","link":"https:\/\/dev.getraenke-center.ch\/?product=cider-magners-pear-12-x-0568-liter","title":{"rendered":"Cider Magners Pear 12 x 0,568 Liter"},"content":{"rendered":"<p>Die Alternative zu Bier, Magners Birne, machte Irish Cider allein auf der Grundlage der Birne. Ein angenehmer Geschmack mit einer s\u00fc\u00dfen Birne und endg\u00fcltigen trockenen<\/p>\n","protected":false},"excerpt":{"rendered":"<p>Preis pro Flasche<\/p>\n<p><em>Magners<\/em>\u00a0Irish Cider\u00a0<em>Pear<\/em> kommt wunderbar fruchtig und herrlich prickelnd daher. Im Glas zeigt sich das Cider goldgelb, am Gaumen spritzig!<\/p>\n","protected":false},"featured_media":959,"template":"","meta":{"_kadence_starter_templates_imported_post":false,"_kad_post_transparent":"","_kad_post_title":"","_kad_post_layout":"","_kad_post_sidebar_id":"","_kad_post_content_style":"","_kad_post_vertical_padding":"","_kad_post_feature":"","_kad_post_feature_position":"","_kad_post_header":false,"_kad_post_footer":false},"product_cat":[140],"product_tag":[423,424,416,41,161,104,42,417,318,425],"class_list":{"0":"post-929","1":"product","2":"type-product","3":"status-publish","4":"has-post-thumbnail","6":"product_cat-apfelwein","7":"product_tag-birnencider","8":"product_tag-birnenliebhaber","9":"product_tag-cider","10":"product_tag-erfrischend","11":"product_tag-erfrischungsgetraenk","12":"product_tag-fruchtig","13":"product_tag-genuss","14":"product_tag-geschmackserlebnis","15":"product_tag-getraenke","16":"product_tag-magnerspear","18":"first","19":"instock","20":"taxable","21":"shipping-taxable","22":"purchasable","23":"product-type-simple","24":"entry","25":"content-bg","26":"loop-entry"},"jetpack_sharing_enabled":true,"_links":{"self":[{"href":"https:\/\/dev.getraenke-center.ch\/index.php?rest_route=\/wp\/v2\/product\/929","targetHints":{"allow":["GET"]}}],"collection":[{"href":"https:\/\/dev.getraenke-center.ch\/index.php?rest_route=\/wp\/v2\/product"}],"about":[{"href":"https:\/\/dev.getraenke-center.ch\/index.php?rest_route=\/wp\/v2\/types\/product"}],"wp:featuredmedia":[{"embeddable":true,"href":"https:\/\/dev.getraenke-center.ch\/index.php?rest_route=\/wp\/v2\/media\/959"}],"wp:attachment":[{"href":"https:\/\/dev.getraenke-center.ch\/index.php?rest_route=%2Fwp%2Fv2%2Fmedia&parent=929"}],"wp:term":[{"taxonomy":"product_cat","embeddable":true,"href":"https:\/\/dev.getraenke-center.ch\/index.php?rest_route=%2Fwp%2Fv2%2Fproduct_cat&post=929"},{"taxonomy":"product_tag","embeddable":true,"href":"https:\/\/dev.getraenke-center.ch\/index.php?rest_route=%2Fwp%2Fv2%2Fproduct_tag&post=929"}],"curies":[{"name":"wp","href":"https:\/\/api.w.org\/{rel}","templated":true}]}}