{"id":930,"date":"2024-11-27T12:00:33","date_gmt":"2024-11-27T12:00:33","guid":{"rendered":"https:\/\/dev.getraenke-center.ch\/?post_type=product&#038;p=930"},"modified":"2024-11-27T12:00:36","modified_gmt":"2024-11-27T12:00:36","slug":"aperitif-sanbitter-rot-ew-6-x-010-liter","status":"publish","type":"product","link":"https:\/\/dev.getraenke-center.ch\/?product=aperitif-sanbitter-rot-ew-6-x-010-liter","title":{"rendered":"Aperitif Sanbitter rot EW 6 x 0,10 Liter"},"content":{"rendered":"<p>Vor dem Essen oder in geselliger Runde ist dieser aromatische Aperitif ein unverzichtbarer Begleiter. Seine feine Komposition aus Zitrusfr\u00fcchten und ausgesuchten Alpenkr\u00e4utern macht Sanbitt\u00e8r zu einem Geschmackserlebnis der verf\u00fchrerischen Art. Charakteristisch f\u00fcr Sanbitter sind seine rubinrote Farbe und sein erfrischend herbbitterer Geschmack. Die italienische Empfehlung: den herrlich belebenden Geschmack am besten mit einer Scheibe Orange und zwei Eisw\u00fcrfeln genie\u00dfen.<\/p>\n","protected":false},"excerpt":{"rendered":"<p>Preis pro Flasche<\/p>\n<p>San Bitter Red ist ein alkoholfreies kohlens\u00e4urehaltiges Getr\u00e4nk, das in Italien wirklich ber\u00fchmt ist. Hergestellt aus Wasser, Zucker, Fruchtaromen, Gew\u00fcrzen und Kr\u00e4utern.<\/p>\n","protected":false},"featured_media":960,"template":"","meta":{"_kadence_starter_templates_imported_post":false,"_kad_post_transparent":"","_kad_post_title":"","_kad_post_layout":"","_kad_post_sidebar_id":"","_kad_post_content_style":"","_kad_post_vertical_padding":"","_kad_post_feature":"","_kad_post_feature_position":"","_kad_post_header":false,"_kad_post_footer":false},"product_cat":[168],"product_tag":[426,427,297,41,42,417,195,166,428,429],"class_list":{"0":"post-930","1":"product","2":"type-product","3":"status-publish","4":"has-post-thumbnail","6":"product_cat-bittergetraenke","7":"product_tag-aperitif","8":"product_tag-aperitifliebhaber","9":"product_tag-bitter","10":"product_tag-erfrischend","11":"product_tag-genuss","12":"product_tag-geschmackserlebnis","13":"product_tag-intensiv","14":"product_tag-italienisch","15":"product_tag-sanbitter","16":"product_tag-spirituosen","18":"first","19":"instock","20":"taxable","21":"shipping-taxable","22":"purchasable","23":"product-type-simple","24":"entry","25":"content-bg","26":"loop-entry"},"jetpack_sharing_enabled":true,"_links":{"self":[{"href":"https:\/\/dev.getraenke-center.ch\/index.php?rest_route=\/wp\/v2\/product\/930","targetHints":{"allow":["GET"]}}],"collection":[{"href":"https:\/\/dev.getraenke-center.ch\/index.php?rest_route=\/wp\/v2\/product"}],"about":[{"href":"https:\/\/dev.getraenke-center.ch\/index.php?rest_route=\/wp\/v2\/types\/product"}],"wp:featuredmedia":[{"embeddable":true,"href":"https:\/\/dev.getraenke-center.ch\/index.php?rest_route=\/wp\/v2\/media\/960"}],"wp:attachment":[{"href":"https:\/\/dev.getraenke-center.ch\/index.php?rest_route=%2Fwp%2Fv2%2Fmedia&parent=930"}],"wp:term":[{"taxonomy":"product_cat","embeddable":true,"href":"https:\/\/dev.getraenke-center.ch\/index.php?rest_route=%2Fwp%2Fv2%2Fproduct_cat&post=930"},{"taxonomy":"product_tag","embeddable":true,"href":"https:\/\/dev.getraenke-center.ch\/index.php?rest_route=%2Fwp%2Fv2%2Fproduct_tag&post=930"}],"curies":[{"name":"wp","href":"https:\/\/api.w.org\/{rel}","templated":true}]}}