{"id":931,"date":"2024-11-27T12:00:33","date_gmt":"2024-11-27T12:00:33","guid":{"rendered":"https:\/\/dev.getraenke-center.ch\/?post_type=product&#038;p=931"},"modified":"2024-11-27T12:00:37","modified_gmt":"2024-11-27T12:00:37","slug":"aperitif-crodino-ew-3-x-0175-liter","status":"publish","type":"product","link":"https:\/\/dev.getraenke-center.ch\/?product=aperitif-crodino-ew-3-x-0175-liter","title":{"rendered":"Aperitif Crodino EW 3 x 0,175 Liter"},"content":{"rendered":"<p>Crodino ist ein Italienisches Aperitif das in der Stadt Crodo hergestellt wird und geh\u00f6rt zu der Campari Gruppe.\u00a0<b>Dieses Getr\u00e4nk besticht durch die Feinen Aromen nach Kr\u00e4uter und Fr\u00fcchten.<\/b>\u00a0<b>Zudem hat es einen Samtig-bitteren Geschmack<\/b>. Die Spanische Bodega ist BIO-Zertifiziert nach DE-\u00d6KO-070.<\/p>\n","protected":false},"excerpt":{"rendered":"<p>Preis pro Flasche<\/p>\n<p><em>Crodino<\/em>\u00a0ist ein klassischer italienischer\u00a0<em>Aperitif<\/em>\u00a0und in Italien derbeliebteste alkoholfreie\u00a0<em>Aperitif<\/em>\u00a0\u00fcberhaupt.<\/p>\n","protected":false},"featured_media":961,"template":"","meta":{"_kadence_starter_templates_imported_post":false,"_kad_post_transparent":"","_kad_post_title":"","_kad_post_layout":"","_kad_post_sidebar_id":"","_kad_post_content_style":"","_kad_post_vertical_padding":"","_kad_post_feature":"","_kad_post_feature_position":"","_kad_post_header":false,"_kad_post_footer":false},"product_cat":[168],"product_tag":[243,426,427,430,41,42,417,166,431,429],"class_list":{"0":"post-931","1":"product","2":"type-product","3":"status-publish","4":"has-post-thumbnail","6":"product_cat-bittergetraenke","7":"product_tag-alkoholfrei","8":"product_tag-aperitif","9":"product_tag-aperitifliebhaber","10":"product_tag-crodino","11":"product_tag-erfrischend","12":"product_tag-genuss","13":"product_tag-geschmackserlebnis","14":"product_tag-italienisch","15":"product_tag-kraeuterlikoer","16":"product_tag-spirituosen","18":"first","19":"instock","20":"taxable","21":"shipping-taxable","22":"purchasable","23":"product-type-simple","24":"entry","25":"content-bg","26":"loop-entry"},"jetpack_sharing_enabled":true,"_links":{"self":[{"href":"https:\/\/dev.getraenke-center.ch\/index.php?rest_route=\/wp\/v2\/product\/931","targetHints":{"allow":["GET"]}}],"collection":[{"href":"https:\/\/dev.getraenke-center.ch\/index.php?rest_route=\/wp\/v2\/product"}],"about":[{"href":"https:\/\/dev.getraenke-center.ch\/index.php?rest_route=\/wp\/v2\/types\/product"}],"wp:featuredmedia":[{"embeddable":true,"href":"https:\/\/dev.getraenke-center.ch\/index.php?rest_route=\/wp\/v2\/media\/961"}],"wp:attachment":[{"href":"https:\/\/dev.getraenke-center.ch\/index.php?rest_route=%2Fwp%2Fv2%2Fmedia&parent=931"}],"wp:term":[{"taxonomy":"product_cat","embeddable":true,"href":"https:\/\/dev.getraenke-center.ch\/index.php?rest_route=%2Fwp%2Fv2%2Fproduct_cat&post=931"},{"taxonomy":"product_tag","embeddable":true,"href":"https:\/\/dev.getraenke-center.ch\/index.php?rest_route=%2Fwp%2Fv2%2Fproduct_tag&post=931"}],"curies":[{"name":"wp","href":"https:\/\/api.w.org\/{rel}","templated":true}]}}