{"id":936,"date":"2024-11-27T12:00:33","date_gmt":"2024-11-27T12:00:33","guid":{"rendered":"https:\/\/dev.getraenke-center.ch\/?post_type=product&#038;p=936"},"modified":"2024-11-27T12:00:38","modified_gmt":"2024-11-27T12:00:38","slug":"aperitif-likoer-chameleon-amici-17-070-liter","status":"publish","type":"product","link":"https:\/\/dev.getraenke-center.ch\/?product=aperitif-likoer-chameleon-amici-17-070-liter","title":{"rendered":"Aperitif-Lik\u00f6r Chameleon Amici 17% 0,70 Liter"},"content":{"rendered":"<p>Dieser Aperitiflik\u00f6r besticht durch seine w\u00fcrzigen Aromen von Orange, Kamillenbl\u00fcte und Enzianwurzel, seine erfrischende Kombination aus s\u00fc\u00df und bitter und seine dezente r\u00f6tlich-orange Farbe. Es ist handgefertigt und verwendet nur die besten nat\u00fcrlichen Zutaten.<\/p>\n","protected":false},"excerpt":{"rendered":"<p>Dieser Gin <em>Lik\u00f6r<\/em>\u00a0mit Noten von Zimt, Anis, Orange und Ingwer passt wunderbar in die kalte Jahreszeit. Er kann warm oder kalt genossen werden.<\/p>\n","protected":false},"featured_media":966,"template":"","meta":{"_kadence_starter_templates_imported_post":false,"_kad_post_transparent":"","_kad_post_title":"","_kad_post_layout":"","_kad_post_sidebar_id":"","_kad_post_content_style":"","_kad_post_vertical_padding":"","_kad_post_feature":"","_kad_post_feature_position":"","_kad_post_header":false,"_kad_post_footer":false},"product_cat":[446,445],"product_tag":[426,427,439,447,448,229,42,417,449,429],"class_list":{"0":"post-936","1":"product","2":"type-product","3":"status-publish","4":"has-post-thumbnail","6":"product_cat-aperitif","7":"product_cat-spirituosen","8":"product_tag-aperitif","9":"product_tag-aperitifliebhaber","10":"product_tag-aromatisch","11":"product_tag-chameleonamici","12":"product_tag-digestif","13":"product_tag-einzigartig","14":"product_tag-genuss","15":"product_tag-geschmackserlebnis","16":"product_tag-likoer","17":"product_tag-spirituosen","19":"first","20":"instock","21":"taxable","22":"shipping-taxable","23":"purchasable","24":"product-type-simple","25":"entry","26":"content-bg","27":"loop-entry"},"jetpack_sharing_enabled":true,"_links":{"self":[{"href":"https:\/\/dev.getraenke-center.ch\/index.php?rest_route=\/wp\/v2\/product\/936","targetHints":{"allow":["GET"]}}],"collection":[{"href":"https:\/\/dev.getraenke-center.ch\/index.php?rest_route=\/wp\/v2\/product"}],"about":[{"href":"https:\/\/dev.getraenke-center.ch\/index.php?rest_route=\/wp\/v2\/types\/product"}],"wp:featuredmedia":[{"embeddable":true,"href":"https:\/\/dev.getraenke-center.ch\/index.php?rest_route=\/wp\/v2\/media\/966"}],"wp:attachment":[{"href":"https:\/\/dev.getraenke-center.ch\/index.php?rest_route=%2Fwp%2Fv2%2Fmedia&parent=936"}],"wp:term":[{"taxonomy":"product_cat","embeddable":true,"href":"https:\/\/dev.getraenke-center.ch\/index.php?rest_route=%2Fwp%2Fv2%2Fproduct_cat&post=936"},{"taxonomy":"product_tag","embeddable":true,"href":"https:\/\/dev.getraenke-center.ch\/index.php?rest_route=%2Fwp%2Fv2%2Fproduct_tag&post=936"}],"curies":[{"name":"wp","href":"https:\/\/api.w.org\/{rel}","templated":true}]}}