{"id":938,"date":"2024-11-27T12:00:33","date_gmt":"2024-11-27T12:00:33","guid":{"rendered":"https:\/\/dev.getraenke-center.ch\/?post_type=product&#038;p=938"},"modified":"2024-11-27T12:00:38","modified_gmt":"2024-11-27T12:00:38","slug":"wermut-cinzano-rosso-15-1-liter","status":"publish","type":"product","link":"https:\/\/dev.getraenke-center.ch\/?product=wermut-cinzano-rosso-15-1-liter","title":{"rendered":"Wermut Cinzano Rosso 15% 1 Liter"},"content":{"rendered":"<p>Cinzano Rosso ist der\u00a0<b>rote Wermut aus dem bekannten Hause Cinzano<\/b>. F\u00fcr seine Herstellung wird italienischer Rotwein mit Kr\u00e4utern und Gew\u00fcrzen verfeinert. Darunter befinden sich unter anderem Majoran, Thymian und nat\u00fcrlich das unerl\u00e4ssliche Wermut-Kraut.<\/p>\n","protected":false},"excerpt":{"rendered":"<p><em>Cinzano Rosso<\/em>\u00a0Vermouth kann als Basis f\u00fcr Longdrinks, f\u00fcr die Erzeugung von klassischen Cocktails oder auch pur, gut gek\u00fchlt als Aperitif verwendet werden.<\/p>\n","protected":false},"featured_media":968,"template":"","meta":{"_kadence_starter_templates_imported_post":false,"_kad_post_transparent":"","_kad_post_title":"","_kad_post_layout":"","_kad_post_sidebar_id":"","_kad_post_content_style":"","_kad_post_vertical_padding":"","_kad_post_feature":"","_kad_post_feature_position":"","_kad_post_header":false,"_kad_post_footer":false},"product_cat":[445,456],"product_tag":[439,457,42,417,454,458,459,460,461,429],"class_list":{"0":"post-938","1":"product","2":"type-product","3":"status-publish","4":"has-post-thumbnail","6":"product_cat-spirituosen","7":"product_cat-wermut","8":"product_tag-aromatisch","9":"product_tag-cinzanorosso","10":"product_tag-genuss","11":"product_tag-geschmackserlebnis","12":"product_tag-italienischetradition","13":"product_tag-roterwermut","14":"product_tag-vermouth","15":"product_tag-wermut","16":"product_tag-wermutliebhaber","17":"product_tag-spirituosen","19":"first","20":"instock","21":"taxable","22":"shipping-taxable","23":"purchasable","24":"product-type-simple","25":"entry","26":"content-bg","27":"loop-entry"},"jetpack_sharing_enabled":true,"_links":{"self":[{"href":"https:\/\/dev.getraenke-center.ch\/index.php?rest_route=\/wp\/v2\/product\/938","targetHints":{"allow":["GET"]}}],"collection":[{"href":"https:\/\/dev.getraenke-center.ch\/index.php?rest_route=\/wp\/v2\/product"}],"about":[{"href":"https:\/\/dev.getraenke-center.ch\/index.php?rest_route=\/wp\/v2\/types\/product"}],"wp:featuredmedia":[{"embeddable":true,"href":"https:\/\/dev.getraenke-center.ch\/index.php?rest_route=\/wp\/v2\/media\/968"}],"wp:attachment":[{"href":"https:\/\/dev.getraenke-center.ch\/index.php?rest_route=%2Fwp%2Fv2%2Fmedia&parent=938"}],"wp:term":[{"taxonomy":"product_cat","embeddable":true,"href":"https:\/\/dev.getraenke-center.ch\/index.php?rest_route=%2Fwp%2Fv2%2Fproduct_cat&post=938"},{"taxonomy":"product_tag","embeddable":true,"href":"https:\/\/dev.getraenke-center.ch\/index.php?rest_route=%2Fwp%2Fv2%2Fproduct_tag&post=938"}],"curies":[{"name":"wp","href":"https:\/\/api.w.org\/{rel}","templated":true}]}}