{"id":939,"date":"2024-11-27T12:00:34","date_gmt":"2024-11-27T12:00:34","guid":{"rendered":"https:\/\/dev.getraenke-center.ch\/?post_type=product&#038;p=939"},"modified":"2024-11-27T12:00:38","modified_gmt":"2024-11-27T12:00:38","slug":"wermut-martini-bianco-15-1-liter","status":"publish","type":"product","link":"https:\/\/dev.getraenke-center.ch\/?product=wermut-martini-bianco-15-1-liter","title":{"rendered":"Wermut Martini bianco 15% 1 Liter"},"content":{"rendered":"<p><b>Ein mitteltrockener Wermut von Martini.<\/b>\u00a0<b>Er wird mit Wei\u00dfwein, Alpenkr\u00e4utern und Vanille aromatisiert und ist dadurch etwas s\u00fc\u00dfer<\/b>. Erstmals ver\u00f6ffentlicht in den 1910er Jahren.<\/p>\n","protected":false},"excerpt":{"rendered":"<p>Der\u00a0<em>Martini Bianco<\/em>\u00a0ist eine Legende aus dem wundersch\u00f6nen, alpinen Piemont.<\/p>\n","protected":false},"featured_media":969,"template":"","meta":{"_kadence_starter_templates_imported_post":false,"_kad_post_transparent":"","_kad_post_title":"","_kad_post_layout":"","_kad_post_sidebar_id":"","_kad_post_content_style":"","_kad_post_vertical_padding":"","_kad_post_feature":"","_kad_post_feature_position":"","_kad_post_header":false,"_kad_post_footer":false},"product_cat":[445,456],"product_tag":[439,42,417,454,462,459,463,460,461,429],"class_list":{"0":"post-939","1":"product","2":"type-product","3":"status-publish","4":"has-post-thumbnail","6":"product_cat-spirituosen","7":"product_cat-wermut","8":"product_tag-aromatisch","9":"product_tag-genuss","10":"product_tag-geschmackserlebnis","11":"product_tag-italienischetradition","12":"product_tag-martinibianco","13":"product_tag-vermouth","14":"product_tag-weisserwermut","15":"product_tag-wermut","16":"product_tag-wermutliebhaber","17":"product_tag-spirituosen","19":"first","20":"instock","21":"taxable","22":"shipping-taxable","23":"purchasable","24":"product-type-simple","25":"entry","26":"content-bg","27":"loop-entry"},"jetpack_sharing_enabled":true,"_links":{"self":[{"href":"https:\/\/dev.getraenke-center.ch\/index.php?rest_route=\/wp\/v2\/product\/939","targetHints":{"allow":["GET"]}}],"collection":[{"href":"https:\/\/dev.getraenke-center.ch\/index.php?rest_route=\/wp\/v2\/product"}],"about":[{"href":"https:\/\/dev.getraenke-center.ch\/index.php?rest_route=\/wp\/v2\/types\/product"}],"wp:featuredmedia":[{"embeddable":true,"href":"https:\/\/dev.getraenke-center.ch\/index.php?rest_route=\/wp\/v2\/media\/969"}],"wp:attachment":[{"href":"https:\/\/dev.getraenke-center.ch\/index.php?rest_route=%2Fwp%2Fv2%2Fmedia&parent=939"}],"wp:term":[{"taxonomy":"product_cat","embeddable":true,"href":"https:\/\/dev.getraenke-center.ch\/index.php?rest_route=%2Fwp%2Fv2%2Fproduct_cat&post=939"},{"taxonomy":"product_tag","embeddable":true,"href":"https:\/\/dev.getraenke-center.ch\/index.php?rest_route=%2Fwp%2Fv2%2Fproduct_tag&post=939"}],"curies":[{"name":"wp","href":"https:\/\/api.w.org\/{rel}","templated":true}]}}