{"id":943,"date":"2024-11-27T12:00:34","date_gmt":"2024-11-27T12:00:34","guid":{"rendered":"https:\/\/dev.getraenke-center.ch\/?post_type=product&#038;p=943"},"modified":"2024-11-27T12:00:39","modified_gmt":"2024-11-27T12:00:39","slug":"anisschnaps-pernod-anise-40-070-liter","status":"publish","type":"product","link":"https:\/\/dev.getraenke-center.ch\/?product=anisschnaps-pernod-anise-40-070-liter","title":{"rendered":"Anisschnaps Pernod Anise 40% 0,70 Liter"},"content":{"rendered":"<p>Pernod Spiritueux Anise\u00a0<b>wird aus Destillaten von Sternanis, Fenchel und 14 weiteren Botanicals kreiert, unter anderem Koriander, Kamille und Minze<\/b>. Dabei werden die Kr\u00e4uter aufw\u00e4ndig einzeln destilliert und die darauf gewonnenen Essenzen sp\u00e4ter miteinander vereint.<\/p>\n","protected":false},"excerpt":{"rendered":"<p><em>Pernod<\/em>\u00a0mit seiner \u00fcber 200-j\u00e4hrigen Geschichte ist ein Klassiker<\/p>\n","protected":false},"featured_media":973,"template":"","meta":{"_kadence_starter_templates_imported_post":false,"_kad_post_transparent":"","_kad_post_title":"","_kad_post_layout":"","_kad_post_sidebar_id":"","_kad_post_content_style":"","_kad_post_vertical_padding":"","_kad_post_feature":"","_kad_post_feature_position":"","_kad_post_header":false,"_kad_post_footer":false},"product_cat":[469,445],"product_tag":[470,471,472,448,41,473,42,417,474,429],"class_list":{"0":"post-943","1":"product","2":"type-product","3":"status-publish","4":"has-post-thumbnail","6":"product_cat-schnaps","7":"product_cat-spirituosen","8":"product_tag-anisliebhaber","9":"product_tag-anislikoer","10":"product_tag-anisschnaps","11":"product_tag-digestif","12":"product_tag-erfrischend","13":"product_tag-franzoesischetradition","14":"product_tag-genuss","15":"product_tag-geschmackserlebnis","16":"product_tag-pernodanise","17":"product_tag-spirituosen","19":"first","20":"instock","21":"taxable","22":"shipping-taxable","23":"purchasable","24":"product-type-simple","25":"entry","26":"content-bg","27":"loop-entry"},"jetpack_sharing_enabled":true,"_links":{"self":[{"href":"https:\/\/dev.getraenke-center.ch\/index.php?rest_route=\/wp\/v2\/product\/943","targetHints":{"allow":["GET"]}}],"collection":[{"href":"https:\/\/dev.getraenke-center.ch\/index.php?rest_route=\/wp\/v2\/product"}],"about":[{"href":"https:\/\/dev.getraenke-center.ch\/index.php?rest_route=\/wp\/v2\/types\/product"}],"wp:featuredmedia":[{"embeddable":true,"href":"https:\/\/dev.getraenke-center.ch\/index.php?rest_route=\/wp\/v2\/media\/973"}],"wp:attachment":[{"href":"https:\/\/dev.getraenke-center.ch\/index.php?rest_route=%2Fwp%2Fv2%2Fmedia&parent=943"}],"wp:term":[{"taxonomy":"product_cat","embeddable":true,"href":"https:\/\/dev.getraenke-center.ch\/index.php?rest_route=%2Fwp%2Fv2%2Fproduct_cat&post=943"},{"taxonomy":"product_tag","embeddable":true,"href":"https:\/\/dev.getraenke-center.ch\/index.php?rest_route=%2Fwp%2Fv2%2Fproduct_tag&post=943"}],"curies":[{"name":"wp","href":"https:\/\/api.w.org\/{rel}","templated":true}]}}