{"id":979,"date":"2024-11-27T12:00:40","date_gmt":"2024-11-27T12:00:40","guid":{"rendered":"https:\/\/dev.getraenke-center.ch\/?post_type=product&#038;p=979"},"modified":"2024-11-27T12:00:42","modified_gmt":"2024-11-27T12:00:42","slug":"wermut-noilly-prat-18-1-liter","status":"publish","type":"product","link":"https:\/\/dev.getraenke-center.ch\/?product=wermut-noilly-prat-18-1-liter","title":{"rendered":"Wermut Noilly Prat 18% 1 Liter"},"content":{"rendered":"<p>Noilly Prat &#8211;\u00a0<b>Trockener und besonders aromatischer franz\u00f6sischer Wermut<\/b>. Leicht gek\u00fchlt als Aperitf zu trinken und durch sein feines trockenes Aroma wunderbar in der K\u00fcche in der So\u00dfe zu Pasta, Fisch oder Fleisch zu verwenden. Inhalt: 1 Liter | 18.0% Vol.<\/p>\n","protected":false},"excerpt":{"rendered":"<p>Erstklassiger Wermut aus Frankreich<\/p>\n","protected":false},"featured_media":1009,"template":"","meta":{"_kadence_starter_templates_imported_post":false,"_kad_post_transparent":"","_kad_post_title":"","_kad_post_layout":"","_kad_post_sidebar_id":"","_kad_post_content_style":"","_kad_post_vertical_padding":"","_kad_post_feature":"","_kad_post_feature_position":"","_kad_post_header":false,"_kad_post_footer":false},"product_cat":[445,456],"product_tag":[439,485,473,42,417,486,459,460,461,429],"class_list":{"0":"post-979","1":"product","2":"type-product","3":"status-publish","4":"has-post-thumbnail","6":"product_cat-spirituosen","7":"product_cat-wermut","8":"product_tag-aromatisch","9":"product_tag-franzoesischerwermut","10":"product_tag-franzoesischetradition","11":"product_tag-genuss","12":"product_tag-geschmackserlebnis","13":"product_tag-noillyprat","14":"product_tag-vermouth","15":"product_tag-wermut","16":"product_tag-wermutliebhaber","17":"product_tag-spirituosen","19":"first","20":"instock","21":"taxable","22":"shipping-taxable","23":"purchasable","24":"product-type-simple","25":"entry","26":"content-bg","27":"loop-entry"},"jetpack_sharing_enabled":true,"_links":{"self":[{"href":"https:\/\/dev.getraenke-center.ch\/index.php?rest_route=\/wp\/v2\/product\/979","targetHints":{"allow":["GET"]}}],"collection":[{"href":"https:\/\/dev.getraenke-center.ch\/index.php?rest_route=\/wp\/v2\/product"}],"about":[{"href":"https:\/\/dev.getraenke-center.ch\/index.php?rest_route=\/wp\/v2\/types\/product"}],"wp:featuredmedia":[{"embeddable":true,"href":"https:\/\/dev.getraenke-center.ch\/index.php?rest_route=\/wp\/v2\/media\/1009"}],"wp:attachment":[{"href":"https:\/\/dev.getraenke-center.ch\/index.php?rest_route=%2Fwp%2Fv2%2Fmedia&parent=979"}],"wp:term":[{"taxonomy":"product_cat","embeddable":true,"href":"https:\/\/dev.getraenke-center.ch\/index.php?rest_route=%2Fwp%2Fv2%2Fproduct_cat&post=979"},{"taxonomy":"product_tag","embeddable":true,"href":"https:\/\/dev.getraenke-center.ch\/index.php?rest_route=%2Fwp%2Fv2%2Fproduct_tag&post=979"}],"curies":[{"name":"wp","href":"https:\/\/api.w.org\/{rel}","templated":true}]}}