{"id":980,"date":"2024-11-27T12:00:40","date_gmt":"2024-11-27T12:00:40","guid":{"rendered":"https:\/\/dev.getraenke-center.ch\/?post_type=product&#038;p=980"},"modified":"2024-11-27T12:00:42","modified_gmt":"2024-11-27T12:00:42","slug":"aperitif-aperol-11-070-liter","status":"publish","type":"product","link":"https:\/\/dev.getraenke-center.ch\/?product=aperitif-aperol-11-070-liter","title":{"rendered":"Aperitif Aperol 11% 0,70 Liter"},"content":{"rendered":"<p>Er ist ein Destillat aus Rhabarber, Chinarinde, Gelbem Enzian, Bitterorange und aromatischen Kr\u00e4utern mit orange-roter F\u00e4rbung durch die k\u00fcnstlichen Lebensmittelfarbstoffe E 110 (Gelborange S) und E 124 (Cochenillerot A) sowie bitters\u00fc\u00dfem Aroma.\u00a0<b>Aperol<\/b>\u00a0hat einen Alkoholgehalt von 11 % Vol.<\/p>\n","protected":false},"excerpt":{"rendered":"<p>Der\u00a0<em>Aperol<\/em>\u00a0Spritz Aperitivo mit Alkohol ist ein fertiger und perfekt gemixter Cocktail aus Italien<\/p>\n","protected":false},"featured_media":1010,"template":"","meta":{"_kadence_starter_templates_imported_post":false,"_kad_post_transparent":"","_kad_post_title":"","_kad_post_layout":"","_kad_post_sidebar_id":"","_kad_post_content_style":"","_kad_post_vertical_padding":"","_kad_post_feature":"","_kad_post_feature_position":"","_kad_post_header":false,"_kad_post_footer":false},"product_cat":[446,445],"product_tag":[426,427,487,104,42,417,454,488,489,429],"class_list":{"0":"post-980","1":"product","2":"type-product","3":"status-publish","4":"has-post-thumbnail","6":"product_cat-aperitif","7":"product_cat-spirituosen","8":"product_tag-aperitif","9":"product_tag-aperitifliebhaber","10":"product_tag-aperol","11":"product_tag-fruchtig","12":"product_tag-genuss","13":"product_tag-geschmackserlebnis","14":"product_tag-italienischetradition","15":"product_tag-orangenbitter","16":"product_tag-spritz","17":"product_tag-spirituosen","19":"first","20":"instock","21":"taxable","22":"shipping-taxable","23":"purchasable","24":"product-type-simple","25":"entry","26":"content-bg","27":"loop-entry"},"jetpack_sharing_enabled":true,"_links":{"self":[{"href":"https:\/\/dev.getraenke-center.ch\/index.php?rest_route=\/wp\/v2\/product\/980","targetHints":{"allow":["GET"]}}],"collection":[{"href":"https:\/\/dev.getraenke-center.ch\/index.php?rest_route=\/wp\/v2\/product"}],"about":[{"href":"https:\/\/dev.getraenke-center.ch\/index.php?rest_route=\/wp\/v2\/types\/product"}],"wp:featuredmedia":[{"embeddable":true,"href":"https:\/\/dev.getraenke-center.ch\/index.php?rest_route=\/wp\/v2\/media\/1010"}],"wp:attachment":[{"href":"https:\/\/dev.getraenke-center.ch\/index.php?rest_route=%2Fwp%2Fv2%2Fmedia&parent=980"}],"wp:term":[{"taxonomy":"product_cat","embeddable":true,"href":"https:\/\/dev.getraenke-center.ch\/index.php?rest_route=%2Fwp%2Fv2%2Fproduct_cat&post=980"},{"taxonomy":"product_tag","embeddable":true,"href":"https:\/\/dev.getraenke-center.ch\/index.php?rest_route=%2Fwp%2Fv2%2Fproduct_tag&post=980"}],"curies":[{"name":"wp","href":"https:\/\/api.w.org\/{rel}","templated":true}]}}