{"id":981,"date":"2024-11-27T12:00:41","date_gmt":"2024-11-27T12:00:41","guid":{"rendered":"https:\/\/dev.getraenke-center.ch\/?post_type=product&#038;p=981"},"modified":"2024-11-27T12:00:43","modified_gmt":"2024-11-27T12:00:43","slug":"bitterlikoer-martinazzi-bitter-classic-matter-luginbuehl-22-1-liter","status":"publish","type":"product","link":"https:\/\/dev.getraenke-center.ch\/?product=bitterlikoer-martinazzi-bitter-classic-matter-luginbuehl-22-1-liter","title":{"rendered":"Bitterlik\u00f6r Martinazzi-Bitter Classic- Matter-Luginb\u00fchl 22% 1 Liter"},"content":{"rendered":"<p>Dieses\u00a0<b>Bitter<\/b>\u00a0geht auf ein italienisches Rezept zur\u00fcck. Aromatisiert ist es mit einer geheimen Mischung von Kr\u00e4utern und Wurzeln. Mit seinem s\u00fcss-herben Geschmack eignet sich DER\u00a0<b>MARTINAZZI BITTER CLASSIC<\/b>\u00a0hervorragend als Ap\u00e9ritif, er kann aber auch f\u00fcr eine Vielzahl von Cocktails eingesetzt werden.<\/p>\n","protected":false},"excerpt":{"rendered":"<p>Der\u00a0<em>Martinazzi Bitter<\/em>\u00a0ist das Flaggschiff der Firma\u00a0<em>Matter<\/em>&#8211;<em>Luginb\u00fchl<\/em>\u00a0AG im Berner Seeland<\/p>\n","protected":false},"featured_media":1011,"template":"","meta":{"_kadence_starter_templates_imported_post":false,"_kad_post_transparent":"","_kad_post_title":"","_kad_post_layout":"","_kad_post_sidebar_id":"","_kad_post_content_style":"","_kad_post_vertical_padding":"","_kad_post_feature":"","_kad_post_feature_position":"","_kad_post_header":false,"_kad_post_footer":false},"product_cat":[450,445],"product_tag":[439,452,448,42,417,468,455,490,491,429],"class_list":{"0":"post-981","1":"product","2":"type-product","3":"status-publish","4":"has-post-thumbnail","6":"product_cat-likoer","7":"product_cat-spirituosen","8":"product_tag-aromatisch","9":"product_tag-bitterlikoer","10":"product_tag-digestif","11":"product_tag-genuss","12":"product_tag-geschmackserlebnis","13":"product_tag-kraeuterbitter","14":"product_tag-likoerliebhaber","15":"product_tag-martinazzibitterclassic","16":"product_tag-matterluginbuehl","17":"product_tag-spirituosen","19":"first","20":"instock","21":"taxable","22":"shipping-taxable","23":"purchasable","24":"product-type-simple","25":"entry","26":"content-bg","27":"loop-entry"},"jetpack_sharing_enabled":true,"_links":{"self":[{"href":"https:\/\/dev.getraenke-center.ch\/index.php?rest_route=\/wp\/v2\/product\/981","targetHints":{"allow":["GET"]}}],"collection":[{"href":"https:\/\/dev.getraenke-center.ch\/index.php?rest_route=\/wp\/v2\/product"}],"about":[{"href":"https:\/\/dev.getraenke-center.ch\/index.php?rest_route=\/wp\/v2\/types\/product"}],"wp:featuredmedia":[{"embeddable":true,"href":"https:\/\/dev.getraenke-center.ch\/index.php?rest_route=\/wp\/v2\/media\/1011"}],"wp:attachment":[{"href":"https:\/\/dev.getraenke-center.ch\/index.php?rest_route=%2Fwp%2Fv2%2Fmedia&parent=981"}],"wp:term":[{"taxonomy":"product_cat","embeddable":true,"href":"https:\/\/dev.getraenke-center.ch\/index.php?rest_route=%2Fwp%2Fv2%2Fproduct_cat&post=981"},{"taxonomy":"product_tag","embeddable":true,"href":"https:\/\/dev.getraenke-center.ch\/index.php?rest_route=%2Fwp%2Fv2%2Fproduct_tag&post=981"}],"curies":[{"name":"wp","href":"https:\/\/api.w.org\/{rel}","templated":true}]}}