{"id":982,"date":"2024-11-27T12:00:41","date_gmt":"2024-11-27T12:00:41","guid":{"rendered":"https:\/\/dev.getraenke-center.ch\/?post_type=product&#038;p=982"},"modified":"2024-11-27T12:00:43","modified_gmt":"2024-11-27T12:00:43","slug":"bitterlikoer-amaro-ramazzotti-30-070-liter","status":"publish","type":"product","link":"https:\/\/dev.getraenke-center.ch\/?product=bitterlikoer-amaro-ramazzotti-30-070-liter","title":{"rendered":"Bitterlik\u00f6r Amaro Ramazzotti 30% 0,70 Liter"},"content":{"rendered":"<p>Der\u00a0<b>Amaro Ramazzotti<\/b>\u00a0ist ein Klassiker unter den italienischen Kr\u00e4uterlik\u00f6ren. Er wird aus einer Kombination von 33 Kr\u00e4utern und Gew\u00fcrzen hergestellt, darunter Wurzeln wie Enzian und Angelika, sowie Orangenschalen und Rhabarber.<\/p>\n","protected":false},"excerpt":{"rendered":"<p>Der\u00a0<b>Amaro<\/b>\u00a0von\u00a0<b>Ramazzotti<\/b>\u00a0\u2013 Ein Mail\u00e4nder Kultlik\u00f6r.<\/p>\n","protected":false},"featured_media":1012,"template":"","meta":{"_kadence_starter_templates_imported_post":false,"_kad_post_transparent":"","_kad_post_title":"","_kad_post_layout":"","_kad_post_sidebar_id":"","_kad_post_content_style":"","_kad_post_vertical_padding":"","_kad_post_feature":"","_kad_post_feature_position":"","_kad_post_header":false,"_kad_post_footer":false},"product_cat":[450,445],"product_tag":[492,439,452,448,42,417,467,468,455,429],"class_list":{"0":"post-982","1":"product","2":"type-product","3":"status-publish","4":"has-post-thumbnail","6":"product_cat-likoer","7":"product_cat-spirituosen","8":"product_tag-amaroramazzotti","9":"product_tag-aromatisch","10":"product_tag-bitterlikoer","11":"product_tag-digestif","12":"product_tag-genuss","13":"product_tag-geschmackserlebnis","14":"product_tag-italienischerbitter","15":"product_tag-kraeuterbitter","16":"product_tag-likoerliebhaber","17":"product_tag-spirituosen","19":"first","20":"instock","21":"taxable","22":"shipping-taxable","23":"purchasable","24":"product-type-simple","25":"entry","26":"content-bg","27":"loop-entry"},"jetpack_sharing_enabled":true,"_links":{"self":[{"href":"https:\/\/dev.getraenke-center.ch\/index.php?rest_route=\/wp\/v2\/product\/982","targetHints":{"allow":["GET"]}}],"collection":[{"href":"https:\/\/dev.getraenke-center.ch\/index.php?rest_route=\/wp\/v2\/product"}],"about":[{"href":"https:\/\/dev.getraenke-center.ch\/index.php?rest_route=\/wp\/v2\/types\/product"}],"wp:featuredmedia":[{"embeddable":true,"href":"https:\/\/dev.getraenke-center.ch\/index.php?rest_route=\/wp\/v2\/media\/1012"}],"wp:attachment":[{"href":"https:\/\/dev.getraenke-center.ch\/index.php?rest_route=%2Fwp%2Fv2%2Fmedia&parent=982"}],"wp:term":[{"taxonomy":"product_cat","embeddable":true,"href":"https:\/\/dev.getraenke-center.ch\/index.php?rest_route=%2Fwp%2Fv2%2Fproduct_cat&post=982"},{"taxonomy":"product_tag","embeddable":true,"href":"https:\/\/dev.getraenke-center.ch\/index.php?rest_route=%2Fwp%2Fv2%2Fproduct_tag&post=982"}],"curies":[{"name":"wp","href":"https:\/\/api.w.org\/{rel}","templated":true}]}}