{"id":983,"date":"2024-11-27T12:00:41","date_gmt":"2024-11-27T12:00:41","guid":{"rendered":"https:\/\/dev.getraenke-center.ch\/?post_type=product&#038;p=983"},"modified":"2024-11-27T12:00:43","modified_gmt":"2024-11-27T12:00:43","slug":"bitterlikoer-amaro-lucano-28-070-liter","status":"publish","type":"product","link":"https:\/\/dev.getraenke-center.ch\/?product=bitterlikoer-amaro-lucano-28-070-liter","title":{"rendered":"Bitterlik\u00f6r Amaro Lucano 28% 0,70 Liter"},"content":{"rendered":"<p>Der Geschmack von Amaro Lucano ist\u00a0<b>s\u00fc\u00df und kr\u00e4uterig mit Noten von Anis, Zimt, Lakritze und Vanille<\/b>. Er hat auch eine angenehme Bitterkeit, die von den verwendeten Kr\u00e4utern und Gew\u00fcrzen stammt. Amaro Lucano wird oft als Digestif nach dem Essen getrunken, aber er eignet sich auch gut als Zutat f\u00fcr Cocktails.<\/p>\n","protected":false},"excerpt":{"rendered":"<p><em>Amaro Lucano<\/em>\u00a0ist seit Jahrzehnten einer der beliebtesten und bekanntesten italienischen Kr\u00e4uterlik\u00f6re.<\/p>\n","protected":false},"featured_media":1013,"template":"","meta":{"_kadence_starter_templates_imported_post":false,"_kad_post_transparent":"","_kad_post_title":"","_kad_post_layout":"","_kad_post_sidebar_id":"","_kad_post_content_style":"","_kad_post_vertical_padding":"","_kad_post_feature":"","_kad_post_feature_position":"","_kad_post_header":false,"_kad_post_footer":false},"product_cat":[450,445],"product_tag":[493,439,452,448,42,417,467,468,455,429],"class_list":{"0":"post-983","1":"product","2":"type-product","3":"status-publish","4":"has-post-thumbnail","6":"product_cat-likoer","7":"product_cat-spirituosen","8":"product_tag-amarolucano","9":"product_tag-aromatisch","10":"product_tag-bitterlikoer","11":"product_tag-digestif","12":"product_tag-genuss","13":"product_tag-geschmackserlebnis","14":"product_tag-italienischerbitter","15":"product_tag-kraeuterbitter","16":"product_tag-likoerliebhaber","17":"product_tag-spirituosen","19":"first","20":"instock","21":"taxable","22":"shipping-taxable","23":"purchasable","24":"product-type-simple","25":"entry","26":"content-bg","27":"loop-entry"},"jetpack_sharing_enabled":true,"_links":{"self":[{"href":"https:\/\/dev.getraenke-center.ch\/index.php?rest_route=\/wp\/v2\/product\/983","targetHints":{"allow":["GET"]}}],"collection":[{"href":"https:\/\/dev.getraenke-center.ch\/index.php?rest_route=\/wp\/v2\/product"}],"about":[{"href":"https:\/\/dev.getraenke-center.ch\/index.php?rest_route=\/wp\/v2\/types\/product"}],"wp:featuredmedia":[{"embeddable":true,"href":"https:\/\/dev.getraenke-center.ch\/index.php?rest_route=\/wp\/v2\/media\/1013"}],"wp:attachment":[{"href":"https:\/\/dev.getraenke-center.ch\/index.php?rest_route=%2Fwp%2Fv2%2Fmedia&parent=983"}],"wp:term":[{"taxonomy":"product_cat","embeddable":true,"href":"https:\/\/dev.getraenke-center.ch\/index.php?rest_route=%2Fwp%2Fv2%2Fproduct_cat&post=983"},{"taxonomy":"product_tag","embeddable":true,"href":"https:\/\/dev.getraenke-center.ch\/index.php?rest_route=%2Fwp%2Fv2%2Fproduct_tag&post=983"}],"curies":[{"name":"wp","href":"https:\/\/api.w.org\/{rel}","templated":true}]}}