{"id":984,"date":"2024-11-27T12:00:41","date_gmt":"2024-11-27T12:00:41","guid":{"rendered":"https:\/\/dev.getraenke-center.ch\/?post_type=product&#038;p=984"},"modified":"2024-11-27T12:00:43","modified_gmt":"2024-11-27T12:00:43","slug":"bitterlikoer-amaro-montenegro-23-070-liter","status":"publish","type":"product","link":"https:\/\/dev.getraenke-center.ch\/?product=bitterlikoer-amaro-montenegro-23-070-liter","title":{"rendered":"Bitterlik\u00f6r Amaro Montenegro 23% 0,70 Liter"},"content":{"rendered":"<div class=\"wDYxhc\" lang=\"ro-RO\" data-md=\"61\">\n<div class=\"LGOjhe\" role=\"heading\" data-attrid=\"wa:\/description\" aria-level=\"3\" data-hveid=\"CBYQAA\"><span class=\"ILfuVd\" lang=\"de\"><span class=\"hgKElc\"><b>Am Gaumen macht sich sofort eine honig\u00e4hnliche S\u00fc\u00dfe bemerkbar, die daraufhin von herben Kr\u00e4uternoten und einer leichten Zitrusnote abgel\u00f6st wird<\/b>. Der herbe Kr\u00e4utergeschmack bleibt auch im Abgang erhalten. Durch den relativ geringen Alkoholwert von 23 % Vol.<\/span><\/span><\/div>\n<\/div>\n<div class=\"g\">\n<div lang=\"de\" data-hveid=\"CA0QAA\" data-ved=\"2ahUKEwjJmuzf8LaCAxWL1gIHHZouBeIQFSgAegQIDRAA\">\n<div class=\"tF2Cxc\">\n<div class=\"yuRUbf\"><\/div>\n<\/div>\n<\/div>\n<\/div>\n","protected":false},"excerpt":{"rendered":"<p>Aroma &amp; Geschmack des Montenegro Amaro<\/p>\n","protected":false},"featured_media":1014,"template":"","meta":{"_kadence_starter_templates_imported_post":false,"_kad_post_transparent":"","_kad_post_title":"","_kad_post_layout":"","_kad_post_sidebar_id":"","_kad_post_content_style":"","_kad_post_vertical_padding":"","_kad_post_feature":"","_kad_post_feature_position":"","_kad_post_header":false,"_kad_post_footer":false},"product_cat":[450,445],"product_tag":[494,439,452,448,42,417,467,468,455,429],"class_list":{"0":"post-984","1":"product","2":"type-product","3":"status-publish","4":"has-post-thumbnail","6":"product_cat-likoer","7":"product_cat-spirituosen","8":"product_tag-amaromontenegro","9":"product_tag-aromatisch","10":"product_tag-bitterlikoer","11":"product_tag-digestif","12":"product_tag-genuss","13":"product_tag-geschmackserlebnis","14":"product_tag-italienischerbitter","15":"product_tag-kraeuterbitter","16":"product_tag-likoerliebhaber","17":"product_tag-spirituosen","19":"first","20":"instock","21":"taxable","22":"shipping-taxable","23":"purchasable","24":"product-type-simple","25":"entry","26":"content-bg","27":"loop-entry"},"jetpack_sharing_enabled":true,"_links":{"self":[{"href":"https:\/\/dev.getraenke-center.ch\/index.php?rest_route=\/wp\/v2\/product\/984","targetHints":{"allow":["GET"]}}],"collection":[{"href":"https:\/\/dev.getraenke-center.ch\/index.php?rest_route=\/wp\/v2\/product"}],"about":[{"href":"https:\/\/dev.getraenke-center.ch\/index.php?rest_route=\/wp\/v2\/types\/product"}],"wp:featuredmedia":[{"embeddable":true,"href":"https:\/\/dev.getraenke-center.ch\/index.php?rest_route=\/wp\/v2\/media\/1014"}],"wp:attachment":[{"href":"https:\/\/dev.getraenke-center.ch\/index.php?rest_route=%2Fwp%2Fv2%2Fmedia&parent=984"}],"wp:term":[{"taxonomy":"product_cat","embeddable":true,"href":"https:\/\/dev.getraenke-center.ch\/index.php?rest_route=%2Fwp%2Fv2%2Fproduct_cat&post=984"},{"taxonomy":"product_tag","embeddable":true,"href":"https:\/\/dev.getraenke-center.ch\/index.php?rest_route=%2Fwp%2Fv2%2Fproduct_tag&post=984"}],"curies":[{"name":"wp","href":"https:\/\/api.w.org\/{rel}","templated":true}]}}