{"id":986,"date":"2024-11-27T12:00:41","date_gmt":"2024-11-27T12:00:41","guid":{"rendered":"https:\/\/dev.getraenke-center.ch\/?post_type=product&#038;p=986"},"modified":"2024-11-27T12:00:44","modified_gmt":"2024-11-27T12:00:44","slug":"aperitif-lillet-blanc-17-075-liter","status":"publish","type":"product","link":"https:\/\/dev.getraenke-center.ch\/?product=aperitif-lillet-blanc-17-075-liter","title":{"rendered":"Aperitif Lillet Blanc 17% 0,75 Liter"},"content":{"rendered":"<p>Mit einem Mazerat aus \u00fcberwiegend Orangenschalen und Chinarinde wird die Cuv\u00e9e veredelt. Im Anschluss reift der Blanc noch in Eichenf\u00e4ssern heran. Das Ergebnis ist ein\u00a0<b>Weinaperitif von goldener Farbe mit einem s\u00fc\u00dflichen und intensiven Geschmack nach Orange, Honig und exotischen Fr\u00fcchten<\/b><\/p>\n","protected":false},"excerpt":{"rendered":"<p>Weinaperitif aus der Bordeaux-Region, 17 % vol<\/p>\n","protected":false},"featured_media":1016,"template":"","meta":{"_kadence_starter_templates_imported_post":false,"_kad_post_transparent":"","_kad_post_title":"","_kad_post_layout":"","_kad_post_sidebar_id":"","_kad_post_content_style":"","_kad_post_vertical_padding":"","_kad_post_feature":"","_kad_post_feature_position":"","_kad_post_header":false,"_kad_post_footer":false},"product_cat":[446,445],"product_tag":[426,427,473,104,42,417,496,497,460,429],"class_list":{"0":"post-986","1":"product","2":"type-product","3":"status-publish","4":"has-post-thumbnail","6":"product_cat-aperitif","7":"product_cat-spirituosen","8":"product_tag-aperitif","9":"product_tag-aperitifliebhaber","10":"product_tag-franzoesischetradition","11":"product_tag-fruchtig","12":"product_tag-genuss","13":"product_tag-geschmackserlebnis","14":"product_tag-lilletblanc","15":"product_tag-weisseraperitif","16":"product_tag-wermut","17":"product_tag-spirituosen","19":"first","20":"instock","21":"taxable","22":"shipping-taxable","23":"purchasable","24":"product-type-simple","25":"entry","26":"content-bg","27":"loop-entry"},"jetpack_sharing_enabled":true,"_links":{"self":[{"href":"https:\/\/dev.getraenke-center.ch\/index.php?rest_route=\/wp\/v2\/product\/986","targetHints":{"allow":["GET"]}}],"collection":[{"href":"https:\/\/dev.getraenke-center.ch\/index.php?rest_route=\/wp\/v2\/product"}],"about":[{"href":"https:\/\/dev.getraenke-center.ch\/index.php?rest_route=\/wp\/v2\/types\/product"}],"wp:featuredmedia":[{"embeddable":true,"href":"https:\/\/dev.getraenke-center.ch\/index.php?rest_route=\/wp\/v2\/media\/1016"}],"wp:attachment":[{"href":"https:\/\/dev.getraenke-center.ch\/index.php?rest_route=%2Fwp%2Fv2%2Fmedia&parent=986"}],"wp:term":[{"taxonomy":"product_cat","embeddable":true,"href":"https:\/\/dev.getraenke-center.ch\/index.php?rest_route=%2Fwp%2Fv2%2Fproduct_cat&post=986"},{"taxonomy":"product_tag","embeddable":true,"href":"https:\/\/dev.getraenke-center.ch\/index.php?rest_route=%2Fwp%2Fv2%2Fproduct_tag&post=986"}],"curies":[{"name":"wp","href":"https:\/\/api.w.org\/{rel}","templated":true}]}}