{"id":990,"date":"2024-11-27T12:00:41","date_gmt":"2024-11-27T12:00:41","guid":{"rendered":"https:\/\/dev.getraenke-center.ch\/?post_type=product&#038;p=990"},"modified":"2024-11-27T12:00:44","modified_gmt":"2024-11-27T12:00:44","slug":"likoer-dr-ginger-ingwer-20-035-liter","status":"publish","type":"product","link":"https:\/\/dev.getraenke-center.ch\/?product=likoer-dr-ginger-ingwer-20-035-liter","title":{"rendered":"Lik\u00f6r Dr. Ginger Ingwer 20% 0,35 Liter"},"content":{"rendered":"<p><b>Ginger aus rein nat\u00fcrlichen Zutaten, ganz ohne Zusatz von Chemie oder anderer Zusatzstoffe, und unter strengsten Qualit\u00e4tskontrollen, von Hand hergestellt<\/b>; so wie die anspruchsvolle Kundschaft es erwartet. Der Lik\u00f6r kann pur als Shot, mit einem Schuss Zitrone verfeinert, oder in diversen anderen Drinks probiert werden.<\/p>\n","protected":false},"excerpt":{"rendered":"<p>Der meistpr\u00e4mierte Schweizer\u00a0<em>Ingwer Lik\u00f6r<\/em>\u00a0hergestellt aus frischen Zutaten<\/p>\n","protected":false},"featured_media":1020,"template":"","meta":{"_kadence_starter_templates_imported_post":false,"_kad_post_transparent":"","_kad_post_title":"","_kad_post_layout":"","_kad_post_sidebar_id":"","_kad_post_content_style":"","_kad_post_vertical_padding":"","_kad_post_feature":"","_kad_post_feature_position":"","_kad_post_header":false,"_kad_post_footer":false},"product_cat":[450,445],"product_tag":[507,508,42,417,303,509,449,455,510,429],"class_list":{"0":"post-990","1":"product","2":"type-product","3":"status-publish","4":"has-post-thumbnail","6":"product_cat-likoer","7":"product_cat-spirituosen","8":"product_tag-aromenvielfalt","9":"product_tag-drginger","10":"product_tag-genuss","11":"product_tag-geschmackserlebnis","12":"product_tag-ingwer","13":"product_tag-ingwerlikoer","14":"product_tag-likoer","15":"product_tag-likoerliebhaber","16":"product_tag-wuerzigergenuss","17":"product_tag-spirituosen","19":"first","20":"instock","21":"taxable","22":"shipping-taxable","23":"purchasable","24":"product-type-simple","25":"entry","26":"content-bg","27":"loop-entry"},"jetpack_sharing_enabled":true,"_links":{"self":[{"href":"https:\/\/dev.getraenke-center.ch\/index.php?rest_route=\/wp\/v2\/product\/990","targetHints":{"allow":["GET"]}}],"collection":[{"href":"https:\/\/dev.getraenke-center.ch\/index.php?rest_route=\/wp\/v2\/product"}],"about":[{"href":"https:\/\/dev.getraenke-center.ch\/index.php?rest_route=\/wp\/v2\/types\/product"}],"wp:featuredmedia":[{"embeddable":true,"href":"https:\/\/dev.getraenke-center.ch\/index.php?rest_route=\/wp\/v2\/media\/1020"}],"wp:attachment":[{"href":"https:\/\/dev.getraenke-center.ch\/index.php?rest_route=%2Fwp%2Fv2%2Fmedia&parent=990"}],"wp:term":[{"taxonomy":"product_cat","embeddable":true,"href":"https:\/\/dev.getraenke-center.ch\/index.php?rest_route=%2Fwp%2Fv2%2Fproduct_cat&post=990"},{"taxonomy":"product_tag","embeddable":true,"href":"https:\/\/dev.getraenke-center.ch\/index.php?rest_route=%2Fwp%2Fv2%2Fproduct_tag&post=990"}],"curies":[{"name":"wp","href":"https:\/\/api.w.org\/{rel}","templated":true}]}}