{"id":993,"date":"2024-11-27T12:00:41","date_gmt":"2024-11-27T12:00:41","guid":{"rendered":"https:\/\/dev.getraenke-center.ch\/?post_type=product&#038;p=993"},"modified":"2024-11-27T12:00:45","modified_gmt":"2024-11-27T12:00:45","slug":"ingwerlikoer-ingwerer-24-070-liter","status":"publish","type":"product","link":"https:\/\/dev.getraenke-center.ch\/?product=ingwerlikoer-ingwerer-24-070-liter","title":{"rendered":"Ingwerlik\u00f6r Ingwerer 24% 0,70 Liter"},"content":{"rendered":"<p>Handgemachter Bio-Lik\u00f6r aus Ingwer und Apfel. Fruchtig und scharf. Ausgewogen und nat\u00fcrlich.<br \/>\nBio-Zertifizierung: CH-BIO-086, Vegan-Zertifizierung: V-LABEL.EU<\/p>\n","protected":false},"excerpt":{"rendered":"<p>Handgemachter Bio-Lik\u00f6r aus Ingwer und Apfel<\/p>\n","protected":false},"featured_media":1023,"template":"","meta":{"_kadence_starter_templates_imported_post":false,"_kad_post_transparent":"","_kad_post_title":"","_kad_post_layout":"","_kad_post_sidebar_id":"","_kad_post_content_style":"","_kad_post_vertical_padding":"","_kad_post_feature":"","_kad_post_feature_position":"","_kad_post_header":false,"_kad_post_footer":false},"product_cat":[450,445],"product_tag":[507,511,42,417,303,512,509,455,510,429],"class_list":{"0":"post-993","1":"product","2":"type-product","3":"status-publish","4":"has-post-thumbnail","6":"product_cat-likoer","7":"product_cat-spirituosen","8":"product_tag-aromenvielfalt","9":"product_tag-exotischearomen","10":"product_tag-genuss","11":"product_tag-geschmackserlebnis","12":"product_tag-ingwer","13":"product_tag-ingwerer","14":"product_tag-ingwerlikoer","15":"product_tag-likoerliebhaber","16":"product_tag-wuerzigergenuss","17":"product_tag-spirituosen","19":"first","20":"instock","21":"taxable","22":"shipping-taxable","23":"purchasable","24":"product-type-simple","25":"entry","26":"content-bg","27":"loop-entry"},"jetpack_sharing_enabled":true,"_links":{"self":[{"href":"https:\/\/dev.getraenke-center.ch\/index.php?rest_route=\/wp\/v2\/product\/993","targetHints":{"allow":["GET"]}}],"collection":[{"href":"https:\/\/dev.getraenke-center.ch\/index.php?rest_route=\/wp\/v2\/product"}],"about":[{"href":"https:\/\/dev.getraenke-center.ch\/index.php?rest_route=\/wp\/v2\/types\/product"}],"wp:featuredmedia":[{"embeddable":true,"href":"https:\/\/dev.getraenke-center.ch\/index.php?rest_route=\/wp\/v2\/media\/1023"}],"wp:attachment":[{"href":"https:\/\/dev.getraenke-center.ch\/index.php?rest_route=%2Fwp%2Fv2%2Fmedia&parent=993"}],"wp:term":[{"taxonomy":"product_cat","embeddable":true,"href":"https:\/\/dev.getraenke-center.ch\/index.php?rest_route=%2Fwp%2Fv2%2Fproduct_cat&post=993"},{"taxonomy":"product_tag","embeddable":true,"href":"https:\/\/dev.getraenke-center.ch\/index.php?rest_route=%2Fwp%2Fv2%2Fproduct_tag&post=993"}],"curies":[{"name":"wp","href":"https:\/\/api.w.org\/{rel}","templated":true}]}}