{"id":995,"date":"2024-11-27T12:00:41","date_gmt":"2024-11-27T12:00:41","guid":{"rendered":"https:\/\/dev.getraenke-center.ch\/?post_type=product&#038;p=995"},"modified":"2024-11-27T12:00:45","modified_gmt":"2024-11-27T12:00:45","slug":"wein-port-kopke-ruby-scott-bottling-195-075-liter","status":"publish","type":"product","link":"https:\/\/dev.getraenke-center.ch\/?product=wein-port-kopke-ruby-scott-bottling-195-075-liter","title":{"rendered":"Wein Port Kopke Ruby Scott Bottling 19,5% 0,75 Liter"},"content":{"rendered":"<p><strong>Kopke Ruby Port<\/strong>\u00a0ist ein jung abgef\u00fcllter rubinroter Portwein (2 Jahre im Fass), der sehr kr\u00e4ftig und komplex ist. Bestens geeignet zu kr\u00e4ftigen K\u00e4se oder s\u00fc\u00dfer Nachspeise.<\/p>\n","protected":false},"excerpt":{"rendered":"<p>Der\u00a0<em>Kopke<\/em>\u00a0Fine\u00a0<em>Ruby Port<\/em>\u00a0ist jung, frisch und ungeheuer fruchtig.<\/p>\n","protected":false},"featured_media":1025,"template":"","meta":{"_kadence_starter_templates_imported_post":false,"_kad_post_transparent":"","_kad_post_title":"","_kad_post_layout":"","_kad_post_sidebar_id":"","_kad_post_content_style":"","_kad_post_vertical_padding":"","_kad_post_feature":"","_kad_post_feature_position":"","_kad_post_header":false,"_kad_post_footer":false},"product_cat":[65,63],"product_tag":[42,417,516,517,518,519,520,521,522,429],"class_list":{"0":"post-995","1":"product","2":"type-product","3":"status-publish","4":"has-post-thumbnail","6":"product_cat-rotwein","7":"product_cat-wein","8":"product_tag-genuss","9":"product_tag-geschmackserlebnis","10":"product_tag-kopkeruby","11":"product_tag-port","12":"product_tag-portugiesischerwein","13":"product_tag-portugiesischetradition","14":"product_tag-scottbottling","15":"product_tag-wein","16":"product_tag-weinliebhaber","17":"product_tag-spirituosen","19":"first","20":"instock","21":"taxable","22":"shipping-taxable","23":"purchasable","24":"product-type-simple","25":"entry","26":"content-bg","27":"loop-entry"},"jetpack_sharing_enabled":true,"_links":{"self":[{"href":"https:\/\/dev.getraenke-center.ch\/index.php?rest_route=\/wp\/v2\/product\/995","targetHints":{"allow":["GET"]}}],"collection":[{"href":"https:\/\/dev.getraenke-center.ch\/index.php?rest_route=\/wp\/v2\/product"}],"about":[{"href":"https:\/\/dev.getraenke-center.ch\/index.php?rest_route=\/wp\/v2\/types\/product"}],"wp:featuredmedia":[{"embeddable":true,"href":"https:\/\/dev.getraenke-center.ch\/index.php?rest_route=\/wp\/v2\/media\/1025"}],"wp:attachment":[{"href":"https:\/\/dev.getraenke-center.ch\/index.php?rest_route=%2Fwp%2Fv2%2Fmedia&parent=995"}],"wp:term":[{"taxonomy":"product_cat","embeddable":true,"href":"https:\/\/dev.getraenke-center.ch\/index.php?rest_route=%2Fwp%2Fv2%2Fproduct_cat&post=995"},{"taxonomy":"product_tag","embeddable":true,"href":"https:\/\/dev.getraenke-center.ch\/index.php?rest_route=%2Fwp%2Fv2%2Fproduct_tag&post=995"}],"curies":[{"name":"wp","href":"https:\/\/api.w.org\/{rel}","templated":true}]}}