{"id":996,"date":"2024-11-27T12:00:41","date_gmt":"2024-11-27T12:00:41","guid":{"rendered":"https:\/\/dev.getraenke-center.ch\/?post_type=product&#038;p=996"},"modified":"2024-11-27T12:00:45","modified_gmt":"2024-11-27T12:00:45","slug":"wein-sandeman-porto-founders-reserve-195-075-liter","status":"publish","type":"product","link":"https:\/\/dev.getraenke-center.ch\/?product=wein-sandeman-porto-founders-reserve-195-075-liter","title":{"rendered":"Wein Sandeman Porto Founders Reserve 19,5% 0,75 Liter"},"content":{"rendered":"<p>Der\u00a0<b>Sandeman Porto Founders Reserve<\/b>\u00a0ist voller St\u00e4rke, Frucht und Feuer und unterscheidet sich somit von einem klassischen Portwein \u2013 der H\u00f6hepunkt einer 200 Jahre w\u00e4hrenden Expertise. Er hat reichhaltige rote Fruchtaromen mit einem Hauch Reife reflektieren elegante und zugleich m\u00e4chtige Geschmacksnoten.<\/p>\n","protected":false},"excerpt":{"rendered":"<p>Rubinrote Farbe im Glas<\/p>\n","protected":false},"featured_media":1026,"template":"","meta":{"_kadence_starter_templates_imported_post":false,"_kad_post_transparent":"","_kad_post_title":"","_kad_post_layout":"","_kad_post_sidebar_id":"","_kad_post_content_style":"","_kad_post_vertical_padding":"","_kad_post_feature":"","_kad_post_feature_position":"","_kad_post_header":false,"_kad_post_footer":false},"product_cat":[65,63],"product_tag":[523,42,417,518,519,524,525,521,522,429],"class_list":{"0":"post-996","1":"product","2":"type-product","3":"status-publish","4":"has-post-thumbnail","6":"product_cat-rotwein","7":"product_cat-wein","8":"product_tag-foundersreserve","9":"product_tag-genuss","10":"product_tag-geschmackserlebnis","11":"product_tag-portugiesischerwein","12":"product_tag-portugiesischetradition","13":"product_tag-portwein","14":"product_tag-sandemanporto","15":"product_tag-wein","16":"product_tag-weinliebhaber","17":"product_tag-spirituosen","19":"first","20":"instock","21":"taxable","22":"shipping-taxable","23":"purchasable","24":"product-type-simple","25":"entry","26":"content-bg","27":"loop-entry"},"jetpack_sharing_enabled":true,"_links":{"self":[{"href":"https:\/\/dev.getraenke-center.ch\/index.php?rest_route=\/wp\/v2\/product\/996","targetHints":{"allow":["GET"]}}],"collection":[{"href":"https:\/\/dev.getraenke-center.ch\/index.php?rest_route=\/wp\/v2\/product"}],"about":[{"href":"https:\/\/dev.getraenke-center.ch\/index.php?rest_route=\/wp\/v2\/types\/product"}],"wp:featuredmedia":[{"embeddable":true,"href":"https:\/\/dev.getraenke-center.ch\/index.php?rest_route=\/wp\/v2\/media\/1026"}],"wp:attachment":[{"href":"https:\/\/dev.getraenke-center.ch\/index.php?rest_route=%2Fwp%2Fv2%2Fmedia&parent=996"}],"wp:term":[{"taxonomy":"product_cat","embeddable":true,"href":"https:\/\/dev.getraenke-center.ch\/index.php?rest_route=%2Fwp%2Fv2%2Fproduct_cat&post=996"},{"taxonomy":"product_tag","embeddable":true,"href":"https:\/\/dev.getraenke-center.ch\/index.php?rest_route=%2Fwp%2Fv2%2Fproduct_tag&post=996"}],"curies":[{"name":"wp","href":"https:\/\/api.w.org\/{rel}","templated":true}]}}