{"id":997,"date":"2024-11-27T12:00:41","date_gmt":"2024-11-27T12:00:41","guid":{"rendered":"https:\/\/dev.getraenke-center.ch\/?post_type=product&#038;p=997"},"modified":"2024-11-27T12:00:46","modified_gmt":"2024-11-27T12:00:46","slug":"wein-sandeman-porto-weiss-19-075-liter","status":"publish","type":"product","link":"https:\/\/dev.getraenke-center.ch\/?product=wein-sandeman-porto-weiss-19-075-liter","title":{"rendered":"Wein Sandeman Porto Weiss 19% 0,75 Liter"},"content":{"rendered":"<p>Ein sensationell k\u00f6stlicher Wei\u00dfer Port. Er ist trocken, beh\u00e4lt jedoch einen Teil seiner nat\u00fcrlichen S\u00fc\u00dfe. Die elegante Harmonie und der frische Geschmack von reifen roten Fr\u00fcchten entfalten sich im Mund und vereinen sich mit der Komplexit\u00e4t des Holzfassausbaus und einem sensationellen Abgang.<\/p>\n","protected":false},"excerpt":{"rendered":"<p>Nicht zu s\u00fc\u00df wirkender Aperitif-<em>Port<\/em>\u00a0mit reifem, fruchtbetontem Aroma und vollem Geschmack<\/p>\n","protected":false},"featured_media":1027,"template":"","meta":{"_kadence_starter_templates_imported_post":false,"_kad_post_transparent":"","_kad_post_title":"","_kad_post_layout":"","_kad_post_sidebar_id":"","_kad_post_content_style":"","_kad_post_vertical_padding":"","_kad_post_feature":"","_kad_post_feature_position":"","_kad_post_header":false,"_kad_post_footer":false},"product_cat":[63],"product_tag":[42,417,518,519,525,521,522,526,429],"class_list":{"0":"post-997","1":"product","2":"type-product","3":"status-publish","4":"has-post-thumbnail","6":"product_cat-wein","7":"product_tag-genuss","8":"product_tag-geschmackserlebnis","9":"product_tag-portugiesischerwein","10":"product_tag-portugiesischetradition","11":"product_tag-sandemanporto","12":"product_tag-wein","13":"product_tag-weinliebhaber","14":"product_tag-weisswein","15":"product_tag-spirituosen","17":"first","18":"instock","19":"taxable","20":"shipping-taxable","21":"purchasable","22":"product-type-simple","23":"entry","24":"content-bg","25":"loop-entry"},"jetpack_sharing_enabled":true,"_links":{"self":[{"href":"https:\/\/dev.getraenke-center.ch\/index.php?rest_route=\/wp\/v2\/product\/997","targetHints":{"allow":["GET"]}}],"collection":[{"href":"https:\/\/dev.getraenke-center.ch\/index.php?rest_route=\/wp\/v2\/product"}],"about":[{"href":"https:\/\/dev.getraenke-center.ch\/index.php?rest_route=\/wp\/v2\/types\/product"}],"wp:featuredmedia":[{"embeddable":true,"href":"https:\/\/dev.getraenke-center.ch\/index.php?rest_route=\/wp\/v2\/media\/1027"}],"wp:attachment":[{"href":"https:\/\/dev.getraenke-center.ch\/index.php?rest_route=%2Fwp%2Fv2%2Fmedia&parent=997"}],"wp:term":[{"taxonomy":"product_cat","embeddable":true,"href":"https:\/\/dev.getraenke-center.ch\/index.php?rest_route=%2Fwp%2Fv2%2Fproduct_cat&post=997"},{"taxonomy":"product_tag","embeddable":true,"href":"https:\/\/dev.getraenke-center.ch\/index.php?rest_route=%2Fwp%2Fv2%2Fproduct_tag&post=997"}],"curies":[{"name":"wp","href":"https:\/\/api.w.org\/{rel}","templated":true}]}}